{"id":386,"date":"2024-12-04T08:41:01","date_gmt":"2024-12-04T08:41:01","guid":{"rendered":"https:\/\/www.laihianautokoulu.fi\/?page_id=386"},"modified":"2024-12-04T08:41:01","modified_gmt":"2024-12-04T08:41:01","slug":"eas-koulutus","status":"publish","type":"page","link":"https:\/\/www.laihianautokoulu.fi\/index.php\/eas-koulutus\/","title":{"rendered":"EAS-koulutus"},"content":{"rendered":"\n<div class=\"wp-block-group alignfull has-accent-2-background-color has-background has-global-padding is-layout-constrained wp-container-core-group-is-layout-669513ed wp-block-group-is-layout-constrained\" style=\"margin-top:0;margin-bottom:0;padding-top:var(--wp--preset--spacing--50);padding-right:var(--wp--preset--spacing--50);padding-bottom:var(--wp--preset--spacing--50);padding-left:var(--wp--preset--spacing--50)\">\n<div class=\"wp-block-columns alignwide is-layout-flex wp-container-core-columns-is-layout-28f84493 wp-block-columns-is-layout-flex\">\n<div class=\"wp-block-column is-layout-flow wp-block-column-is-layout-flow\" style=\"flex-basis:40%\">\n<p class=\"wp-container-content-0733e5d0\"><strong>Ensimm\u00e4isen ajokortin suorittajan koulutus\u00a0<\/strong>(EAS)<\/p>\n<\/div>\n\n\n\n<div class=\"wp-block-column is-layout-flow wp-block-column-is-layout-flow\" style=\"flex-basis:60%\">\n<p class=\"has-medium-font-size\" style=\"line-height:1.2\">On pakollinen kaikille, jotka suorittavat ajokorttia ensimm\u00e4ist\u00e4 kertaa. HUOM! t\u00e4m\u00e4 opetus sis\u00e4ltyy opetuspaketteihin esim. Mopo tai Auto<\/p>\n\n\n\n<p class=\"has-medium-font-size\" style=\"line-height:1.2\">Opetuslupaopetuksessa EAS-koulutus tulee olla suoritettuna ennen ajo-opetuksen aloittamista ja se tulee pit\u00e4\u00e4 opetuksessa mukana.<\/p>\n\n\n\n<p class=\"has-medium-font-size\" style=\"line-height:1.2\">Opetus sis\u00e4lt\u00e4\u00e4 4 tuntia teoriakoulutusta liikenteen perusteista.<\/p>\n\n\n\n<p class=\"has-medium-font-size\" style=\"line-height:1.2\">Koulutuksen tavoitteena on antaa ajokorttia suorittavalle perustiedot liikennej\u00e4rjestelm\u00e4st\u00e4, liikenteen vuorovaikutteisuudesta ja riskeist\u00e4, eri tienk\u00e4ytt\u00e4j\u00e4ryhmien turvallisuuteen liittyvist\u00e4 tekij\u00f6ist\u00e4, moottorik\u00e4ytt\u00f6isen ajoneuvon kuljettamiseen liittyvist\u00e4 vastuista ja velvollisuuksista sek\u00e4 muista turvallisen ja ymp\u00e4rist\u00f6n huomioon ottavan ajotavan vaatimuksista.<\/p>\n\n\n\n<p class=\"has-medium-font-size\" style=\"line-height:1.2\">Voit hankkia t\u00e4m\u00e4n opetuksen meilt\u00e4. Opetusta ei voi suorittaa esim. opetusluvalla.<\/p>\n\n\n\n<p class=\"has-medium-font-size\" style=\"line-height:1.2\">Saat suoritetusta koulutuksesta todistuksen. Tarvitset sit\u00e4 menness\u00e4si teoriakokeeseen.\u00a0<\/p>\n<\/div>\n<\/div>\n\n\n\n<div aria-hidden=\"true\" class=\"wp-block-spacer\"><\/div>\n\n\n\n<figure class=\"wp-block-image alignwide size-full is-style-rounded is-style-rounded--1\"><img loading=\"lazy\" decoding=\"async\" width=\"1024\" height=\"1024\" src=\"https:\/\/www.laihianautokoulu.fi\/wp-content\/uploads\/2024\/10\/9663796F-54F2-46D1-A089-F27D28B9C074.jpg\" alt=\"\" class=\"wp-image-142\" srcset=\"https:\/\/www.laihianautokoulu.fi\/wp-content\/uploads\/2024\/10\/9663796F-54F2-46D1-A089-F27D28B9C074.jpg 1024w, https:\/\/www.laihianautokoulu.fi\/wp-content\/uploads\/2024\/10\/9663796F-54F2-46D1-A089-F27D28B9C074-300x300.jpg 300w, https:\/\/www.laihianautokoulu.fi\/wp-content\/uploads\/2024\/10\/9663796F-54F2-46D1-A089-F27D28B9C074-150x150.jpg 150w, https:\/\/www.laihianautokoulu.fi\/wp-content\/uploads\/2024\/10\/9663796F-54F2-46D1-A089-F27D28B9C074-768x768.jpg 768w\" sizes=\"auto, (max-width: 1024px) 100vw, 1024px\" \/><\/figure>\n<\/div>\n\n\n\n<div class=\"wp-block-cover alignfull is-light has-parallax\" style=\"padding-top:var(--wp--preset--spacing--50);padding-right:var(--wp--preset--spacing--50);padding-bottom:var(--wp--preset--spacing--50);padding-left:var(--wp--preset--spacing--50);min-height:100vh;aspect-ratio:unset;\"><span aria-hidden=\"true\" class=\"wp-block-cover__background has-base-background-color has-background-dim-0 has-background-dim\"><\/span><div class=\"wp-block-cover__image-background wp-image-275 has-parallax\" style=\"background-position:50% 50%;background-image:url(https:\/\/www.laihianautokoulu.fi\/wp-content\/uploads\/2024\/11\/driving-2732934_1920.png)\"><\/div><div class=\"wp-block-cover__inner-container has-global-padding is-layout-constrained wp-container-core-cover-is-layout-e4fd886c wp-block-cover-is-layout-constrained\">\n<div style=\"height:310px\" aria-hidden=\"true\" class=\"wp-block-spacer\"><\/div>\n<\/div><\/div>\n\n\n\n<div class=\"wp-block-group alignfull has-base-2-background-color has-background has-global-padding is-layout-constrained wp-container-core-group-is-layout-7cd14b77 wp-block-group-is-layout-constrained\" style=\"margin-top:0;margin-bottom:0;padding-top:var(--wp--preset--spacing--60);padding-right:var(--wp--preset--spacing--60);padding-bottom:var(--wp--preset--spacing--60);padding-left:var(--wp--preset--spacing--60)\">\n<div class=\"wp-block-group alignwide is-layout-flow wp-block-group-is-layout-flow\">\n<div style=\"height:var(--wp--preset--spacing--50)\" aria-hidden=\"true\" class=\"wp-block-spacer\"><\/div>\n\n\n\n<p class=\"has-text-align-center has-heading-font-family has-x-large-font-size\" style=\"font-style:normal;font-weight:400;line-height:1.2\">&#8221;Autokoulussa oppii liikenteest\u00e4 paljon&#8221;<\/p>\n\n\n\n<div style=\"height:var(--wp--preset--spacing--50)\" aria-hidden=\"true\" class=\"wp-block-spacer\"><\/div>\n<\/div>\n<\/div>\n","protected":false},"excerpt":{"rendered":"<p>Ensimm\u00e4isen ajokortin suorittajan koulutus\u00a0(EAS) On pakollinen kaikille, jotka suorittavat ajokorttia ensimm\u00e4ist\u00e4 kertaa. HUOM! t\u00e4m\u00e4 opetus sis\u00e4ltyy opetuspaketteihin esim. Mopo tai Auto Opetuslupaopetuksessa EAS-koulutus tulee olla suoritettuna ennen ajo-opetuksen aloittamista ja se tulee pit\u00e4\u00e4 opetuksessa mukana. Opetus sis\u00e4lt\u00e4\u00e4 4 tuntia teoriakoulutusta liikenteen perusteista. Koulutuksen tavoitteena on antaa ajokorttia suorittavalle perustiedot liikennej\u00e4rjestelm\u00e4st\u00e4, liikenteen vuorovaikutteisuudesta ja riskeist\u00e4, eri [&hellip;]<\/p>\n","protected":false},"author":1,"featured_media":0,"parent":0,"menu_order":0,"comment_status":"closed","ping_status":"closed","template":"","meta":{"footnotes":""},"class_list":["post-386","page","type-page","status-publish","hentry"],"jetpack_sharing_enabled":true,"_links":{"self":[{"href":"https:\/\/www.laihianautokoulu.fi\/index.php\/wp-json\/wp\/v2\/pages\/386","targetHints":{"allow":["GET"]}}],"collection":[{"href":"https:\/\/www.laihianautokoulu.fi\/index.php\/wp-json\/wp\/v2\/pages"}],"about":[{"href":"https:\/\/www.laihianautokoulu.fi\/index.php\/wp-json\/wp\/v2\/types\/page"}],"author":[{"embeddable":true,"href":"https:\/\/www.laihianautokoulu.fi\/index.php\/wp-json\/wp\/v2\/users\/1"}],"replies":[{"embeddable":true,"href":"https:\/\/www.laihianautokoulu.fi\/index.php\/wp-json\/wp\/v2\/comments?post=386"}],"version-history":[{"count":1,"href":"https:\/\/www.laihianautokoulu.fi\/index.php\/wp-json\/wp\/v2\/pages\/386\/revisions"}],"predecessor-version":[{"id":387,"href":"https:\/\/www.laihianautokoulu.fi\/index.php\/wp-json\/wp\/v2\/pages\/386\/revisions\/387"}],"wp:attachment":[{"href":"https:\/\/www.laihianautokoulu.fi\/index.php\/wp-json\/wp\/v2\/media?parent=386"}],"curies":[{"name":"wp","href":"https:\/\/api.w.org\/{rel}","templated":true}]}}