{"id":383,"date":"2024-12-04T08:23:21","date_gmt":"2024-12-04T08:23:21","guid":{"rendered":"https:\/\/www.laihianautokoulu.fi\/?page_id=383"},"modified":"2024-12-04T08:23:21","modified_gmt":"2024-12-04T08:23:21","slug":"ajokieltokoulutus","status":"publish","type":"page","link":"https:\/\/www.laihianautokoulu.fi\/index.php\/ajokieltokoulutus\/","title":{"rendered":"Ajokieltokoulutus"},"content":{"rendered":"\n<div class=\"wp-block-group alignfull has-accent-background-color has-background has-global-padding is-layout-constrained wp-container-core-group-is-layout-669513ed wp-block-group-is-layout-constrained\" style=\"margin-top:0;margin-bottom:0;padding-top:var(--wp--preset--spacing--50);padding-right:var(--wp--preset--spacing--50);padding-bottom:var(--wp--preset--spacing--50);padding-left:var(--wp--preset--spacing--50)\">\n<div class=\"wp-block-columns alignwide is-layout-flex wp-container-core-columns-is-layout-1da03c2a wp-block-columns-is-layout-flex\">\n<div class=\"wp-block-column is-vertically-aligned-stretch is-layout-flow wp-block-column-is-layout-flow\" style=\"flex-basis:50%\">\n<div class=\"wp-block-group is-vertical is-content-justification-stretch is-layout-flex wp-container-core-group-is-layout-444d5ee8 wp-block-group-is-layout-flex\" style=\"min-height:100%\">\n<p class=\"has-heading-font-family has-x-large-font-size\" style=\"line-height:1.2\">Uuden kuljettajan ajokieltoon m\u00e4\u00e4r\u00e4\u00e4miseen liittyv\u00e4 koulutus ja ajokortin palauttaminen ajokiellon&nbsp;j\u00e4lkeen<\/p>\n\n\n\n<p>Jos kuljettaja m\u00e4\u00e4r\u00e4t\u00e4\u00e4n auton ensimm\u00e4isen ajo-oikeuden saamista seuraavan kahden vuoden aikana tehdyist\u00e4 liikennerikoksista tai toistuvista liikennerikkomuksista ajokieltoon, ajokortin palauttamisen edellytyksen\u00e4 ajokiellon p\u00e4\u00e4ttymisen j\u00e4lkeen on, ett\u00e4 h\u00e4n on saanut riskik\u00e4ytt\u00e4ytymist\u00e4 ja sen vaikutuksia liikenneturvallisuuteen k\u00e4sittelev\u00e4n lis\u00e4koulutuksen. S\u00e4\u00e4nn\u00f6st\u00e4 sovelletaan my\u00f6s moottoripy\u00f6r\u00e4n ajo-oikeuden haltijaan, jolla ei ole auton ajo-oikeutta, kahden vuoden ajan moottoripy\u00f6r\u00e4n ensimm\u00e4isen ajo-oikeuden saamisesta.<\/p>\n\n\n\n<p class=\"has-large-font-size\"><strong>Opetuspaketti 4 oppituntia <\/strong><\/p>\n\n\n\n<p class=\"has-medium-font-size\" style=\"line-height:1.2\">Kuljettajana liikenteess\u00e4 ja tekoihin johtaneet tekij\u00e4t 1h<\/p>\n\n\n\n<p class=\"has-medium-font-size\" style=\"line-height:1.2\">Ryhm\u00e4keskustelu piittaamattomuudesta liikenteess\u00e4 2h<\/p>\n\n\n\n<p class=\"has-medium-font-size\" style=\"line-height:1.2\">Vaihtoehtojen l\u00f6yt\u00e4minen 1h<\/p>\n<\/div>\n<\/div>\n\n\n\n<div class=\"wp-block-column is-vertically-aligned-center is-layout-flow wp-block-column-is-layout-flow\" style=\"flex-basis:50%\">\n<figure class=\"wp-block-image size-full is-style-rounded is-style-rounded--1\"><img loading=\"lazy\" decoding=\"async\" width=\"1024\" height=\"1024\" src=\"https:\/\/www.laihianautokoulu.fi\/wp-content\/uploads\/2024\/12\/89A9AE36-65E5-4E92-8A7C-02EE626BEF67.png\" alt=\"\" class=\"wp-image-384\" style=\"aspect-ratio:3\/4;object-fit:cover\" srcset=\"https:\/\/www.laihianautokoulu.fi\/wp-content\/uploads\/2024\/12\/89A9AE36-65E5-4E92-8A7C-02EE626BEF67.png 1024w, https:\/\/www.laihianautokoulu.fi\/wp-content\/uploads\/2024\/12\/89A9AE36-65E5-4E92-8A7C-02EE626BEF67-300x300.png 300w, https:\/\/www.laihianautokoulu.fi\/wp-content\/uploads\/2024\/12\/89A9AE36-65E5-4E92-8A7C-02EE626BEF67-150x150.png 150w, https:\/\/www.laihianautokoulu.fi\/wp-content\/uploads\/2024\/12\/89A9AE36-65E5-4E92-8A7C-02EE626BEF67-768x768.png 768w\" sizes=\"auto, (max-width: 1024px) 100vw, 1024px\" \/><\/figure>\n<\/div>\n<\/div>\n<\/div>\n","protected":false},"excerpt":{"rendered":"<p>Uuden kuljettajan ajokieltoon m\u00e4\u00e4r\u00e4\u00e4miseen liittyv\u00e4 koulutus ja ajokortin palauttaminen ajokiellon&nbsp;j\u00e4lkeen Jos kuljettaja m\u00e4\u00e4r\u00e4t\u00e4\u00e4n auton ensimm\u00e4isen ajo-oikeuden saamista seuraavan kahden vuoden aikana tehdyist\u00e4 liikennerikoksista tai toistuvista liikennerikkomuksista ajokieltoon, ajokortin palauttamisen edellytyksen\u00e4 ajokiellon p\u00e4\u00e4ttymisen j\u00e4lkeen on, ett\u00e4 h\u00e4n on saanut riskik\u00e4ytt\u00e4ytymist\u00e4 ja sen vaikutuksia liikenneturvallisuuteen k\u00e4sittelev\u00e4n lis\u00e4koulutuksen. S\u00e4\u00e4nn\u00f6st\u00e4 sovelletaan my\u00f6s moottoripy\u00f6r\u00e4n ajo-oikeuden haltijaan, jolla ei ole auton [&hellip;]<\/p>\n","protected":false},"author":1,"featured_media":0,"parent":0,"menu_order":0,"comment_status":"closed","ping_status":"closed","template":"","meta":{"footnotes":""},"class_list":["post-383","page","type-page","status-publish","hentry"],"jetpack_sharing_enabled":true,"_links":{"self":[{"href":"https:\/\/www.laihianautokoulu.fi\/index.php\/wp-json\/wp\/v2\/pages\/383","targetHints":{"allow":["GET"]}}],"collection":[{"href":"https:\/\/www.laihianautokoulu.fi\/index.php\/wp-json\/wp\/v2\/pages"}],"about":[{"href":"https:\/\/www.laihianautokoulu.fi\/index.php\/wp-json\/wp\/v2\/types\/page"}],"author":[{"embeddable":true,"href":"https:\/\/www.laihianautokoulu.fi\/index.php\/wp-json\/wp\/v2\/users\/1"}],"replies":[{"embeddable":true,"href":"https:\/\/www.laihianautokoulu.fi\/index.php\/wp-json\/wp\/v2\/comments?post=383"}],"version-history":[{"count":1,"href":"https:\/\/www.laihianautokoulu.fi\/index.php\/wp-json\/wp\/v2\/pages\/383\/revisions"}],"predecessor-version":[{"id":385,"href":"https:\/\/www.laihianautokoulu.fi\/index.php\/wp-json\/wp\/v2\/pages\/383\/revisions\/385"}],"wp:attachment":[{"href":"https:\/\/www.laihianautokoulu.fi\/index.php\/wp-json\/wp\/v2\/media?parent=383"}],"curies":[{"name":"wp","href":"https:\/\/api.w.org\/{rel}","templated":true}]}}