{"id":255,"date":"2024-10-31T11:58:26","date_gmt":"2024-10-31T11:58:26","guid":{"rendered":"https:\/\/www.laihianautokoulu.fi\/?page_id=255"},"modified":"2024-11-14T12:12:00","modified_gmt":"2024-11-14T12:12:00","slug":"kaivuutyo","status":"publish","type":"page","link":"https:\/\/www.laihianautokoulu.fi\/index.php\/kaivuutyo\/","title":{"rendered":"Kaivuuty\u00f6"},"content":{"rendered":"\n<div class=\"wp-block-group alignfull has-accent-2-background-color has-background has-global-padding is-layout-constrained wp-container-core-group-is-layout-669513ed wp-block-group-is-layout-constrained\" style=\"margin-top:0;margin-bottom:0;padding-top:var(--wp--preset--spacing--50);padding-right:var(--wp--preset--spacing--50);padding-bottom:var(--wp--preset--spacing--50);padding-left:var(--wp--preset--spacing--50)\">\n<div class=\"wp-block-columns alignwide is-layout-flex wp-container-core-columns-is-layout-28f84493 wp-block-columns-is-layout-flex\">\n<div class=\"wp-block-column is-layout-flow wp-block-column-is-layout-flow\" style=\"flex-basis:40%\">\n<p class=\"has-large-font-size wp-container-content-0733e5d0\"><strong>Kaivuuty\u00f6<\/strong><\/p>\n<\/div>\n\n\n\n<div class=\"wp-block-column is-layout-flow wp-block-column-is-layout-flow\" style=\"flex-basis:60%\">\n<p class=\"has-large-font-size\" style=\"line-height:1.2\">Suoritamme kaivuut\u00f6it\u00e4 kaivinkoneella\u00a0New Holland E26C<\/p>\n\n\n\n<p>Lis\u00e4varusteet:<\/p>\n\n\n\n<ul class=\"wp-block-list\">\n<li>Yleiskauha<\/li>\n\n\n\n<li>Luiskakauha<\/li>\n\n\n\n<li>Kaapelikauha<\/li>\n\n\n\n<li>Tasauslana<\/li>\n\n\n\n<li>Niittosilppuri<\/li>\n\n\n\n<li>Routapiikki<\/li>\n<\/ul>\n\n\n\n<p class=\"has-large-font-size\" style=\"line-height:1.2\">Painoluokka 3t<\/p>\n\n\n\n<p class=\"has-large-font-size\" style=\"line-height:1.2\">HUOM! Yksityinen henkil\u00f6 voi saada kotitalousv\u00e4hennyksen asunnolla tai vapaa-ajanasunnolla teht\u00e4viss\u00e4 kunnostust\u00f6iss\u00e4<\/p>\n<\/div>\n<\/div>\n\n\n\n<div aria-hidden=\"true\" class=\"wp-block-spacer\"><\/div>\n\n\n\n<figure class=\"wp-block-image alignwide size-full is-style-rounded is-style-rounded--1\"><img decoding=\"async\" src=\"https:\/\/www.laihianautokoulu.fi\/wp-content\/uploads\/2024\/11\/tempImageGyY4Oz.heic\" alt=\"\" class=\"wp-image-354\"\/><\/figure>\n\n\n\n<figure class=\"wp-block-image size-large\"><img loading=\"lazy\" decoding=\"async\" width=\"677\" height=\"1024\" src=\"https:\/\/www.laihianautokoulu.fi\/wp-content\/uploads\/2024\/11\/Kuva-2-677x1024.jpeg\" alt=\"\" class=\"wp-image-355\" srcset=\"https:\/\/www.laihianautokoulu.fi\/wp-content\/uploads\/2024\/11\/Kuva-2-677x1024.jpeg 677w, https:\/\/www.laihianautokoulu.fi\/wp-content\/uploads\/2024\/11\/Kuva-2-198x300.jpeg 198w, https:\/\/www.laihianautokoulu.fi\/wp-content\/uploads\/2024\/11\/Kuva-2-768x1161.jpeg 768w, https:\/\/www.laihianautokoulu.fi\/wp-content\/uploads\/2024\/11\/Kuva-2-1016x1536.jpeg 1016w, https:\/\/www.laihianautokoulu.fi\/wp-content\/uploads\/2024\/11\/Kuva-2.jpeg 1151w\" sizes=\"auto, (max-width: 677px) 100vw, 677px\" \/><\/figure>\n\n\n\n<figure class=\"wp-block-image size-full\"><img decoding=\"async\" src=\"https:\/\/www.laihianautokoulu.fi\/wp-content\/uploads\/2024\/11\/tempImager0VBB3.heic\" alt=\"\" class=\"wp-image-356\"\/><\/figure>\n<\/div>\n\n\n\n<div class=\"wp-block-cover alignfull is-light has-parallax\" style=\"padding-top:var(--wp--preset--spacing--50);padding-right:var(--wp--preset--spacing--50);padding-bottom:var(--wp--preset--spacing--50);padding-left:var(--wp--preset--spacing--50);min-height:244px;aspect-ratio:unset;\"><span aria-hidden=\"true\" class=\"wp-block-cover__background has-base-background-color has-background-dim-0 has-background-dim\"><\/span><div class=\"wp-block-cover__image-background wp-image-357 has-parallax\" style=\"background-position:50% 50%;background-image:url(https:\/\/www.laihianautokoulu.fi\/wp-content\/uploads\/2024\/11\/IMG_1646.heic)\"><\/div><div class=\"wp-block-cover__inner-container has-global-padding is-layout-constrained wp-container-core-cover-is-layout-e4fd886c wp-block-cover-is-layout-constrained\">\n<div style=\"height:106px\" aria-hidden=\"true\" class=\"wp-block-spacer\"><\/div>\n<\/div><\/div>\n\n\n\n<div class=\"wp-block-group alignfull has-base-2-background-color has-background has-global-padding is-layout-constrained wp-container-core-group-is-layout-7cd14b77 wp-block-group-is-layout-constrained\" style=\"margin-top:0;margin-bottom:0;padding-top:var(--wp--preset--spacing--60);padding-right:var(--wp--preset--spacing--60);padding-bottom:var(--wp--preset--spacing--60);padding-left:var(--wp--preset--spacing--60)\">\n<div class=\"wp-block-group alignwide is-layout-flow wp-block-group-is-layout-flow\">\n<div style=\"height:var(--wp--preset--spacing--50)\" aria-hidden=\"true\" class=\"wp-block-spacer\"><\/div>\n\n\n\n<p class=\"has-text-align-center has-heading-font-family has-x-large-font-size\" style=\"font-style:normal;font-weight:400;line-height:1.2\">&#8221;Pienet kaivinkoneet ovat ketteri\u00e4 ja mahtuvat kapeisiinkin paikkoihin. Ne eiv\u00e4t my\u00f6sk\u00e4\u00e4n vahingoita maata ja ymp\u00e4r\u00f6ivi\u00e4 istutuksia yht\u00e4 helposti kuin suuret koneet. Koneemme on v\u00e4h\u00e4p\u00e4\u00e4st\u00f6inen ja ymp\u00e4rist\u00f6yst\u00e4v\u00e4llinen&#8221;<\/p>\n\n\n\n<div style=\"height:var(--wp--preset--spacing--50)\" aria-hidden=\"true\" class=\"wp-block-spacer\"><\/div>\n<\/div>\n<\/div>\n","protected":false},"excerpt":{"rendered":"<p>Kaivuuty\u00f6 Suoritamme kaivuut\u00f6it\u00e4 kaivinkoneella\u00a0New Holland E26C Lis\u00e4varusteet: Painoluokka 3t HUOM! Yksityinen henkil\u00f6 voi saada kotitalousv\u00e4hennyksen asunnolla tai vapaa-ajanasunnolla teht\u00e4viss\u00e4 kunnostust\u00f6iss\u00e4 &#8221;Pienet kaivinkoneet ovat ketteri\u00e4 ja mahtuvat kapeisiinkin paikkoihin. Ne eiv\u00e4t my\u00f6sk\u00e4\u00e4n vahingoita maata ja ymp\u00e4r\u00f6ivi\u00e4 istutuksia yht\u00e4 helposti kuin suuret koneet. Koneemme on v\u00e4h\u00e4p\u00e4\u00e4st\u00f6inen ja ymp\u00e4rist\u00f6yst\u00e4v\u00e4llinen&#8221;<\/p>\n","protected":false},"author":1,"featured_media":0,"parent":0,"menu_order":0,"comment_status":"closed","ping_status":"closed","template":"","meta":{"footnotes":""},"class_list":["post-255","page","type-page","status-publish","hentry"],"jetpack_sharing_enabled":true,"_links":{"self":[{"href":"https:\/\/www.laihianautokoulu.fi\/index.php\/wp-json\/wp\/v2\/pages\/255","targetHints":{"allow":["GET"]}}],"collection":[{"href":"https:\/\/www.laihianautokoulu.fi\/index.php\/wp-json\/wp\/v2\/pages"}],"about":[{"href":"https:\/\/www.laihianautokoulu.fi\/index.php\/wp-json\/wp\/v2\/types\/page"}],"author":[{"embeddable":true,"href":"https:\/\/www.laihianautokoulu.fi\/index.php\/wp-json\/wp\/v2\/users\/1"}],"replies":[{"embeddable":true,"href":"https:\/\/www.laihianautokoulu.fi\/index.php\/wp-json\/wp\/v2\/comments?post=255"}],"version-history":[{"count":3,"href":"https:\/\/www.laihianautokoulu.fi\/index.php\/wp-json\/wp\/v2\/pages\/255\/revisions"}],"predecessor-version":[{"id":367,"href":"https:\/\/www.laihianautokoulu.fi\/index.php\/wp-json\/wp\/v2\/pages\/255\/revisions\/367"}],"wp:attachment":[{"href":"https:\/\/www.laihianautokoulu.fi\/index.php\/wp-json\/wp\/v2\/media?parent=255"}],"curies":[{"name":"wp","href":"https:\/\/api.w.org\/{rel}","templated":true}]}}