{"id":242,"date":"2024-10-31T11:50:34","date_gmt":"2024-10-31T11:50:34","guid":{"rendered":"https:\/\/www.laihianautokoulu.fi\/?page_id=242"},"modified":"2024-12-09T11:20:49","modified_gmt":"2024-12-09T11:20:49","slug":"vaihtolavat","status":"publish","type":"page","link":"https:\/\/www.laihianautokoulu.fi\/index.php\/vaihtolavat\/","title":{"rendered":"Vaihtolavat"},"content":{"rendered":"\n<div class=\"wp-block-group alignfull has-accent-2-background-color has-background has-global-padding is-layout-constrained wp-container-core-group-is-layout-669513ed wp-block-group-is-layout-constrained\" style=\"margin-top:0;margin-bottom:0;padding-top:var(--wp--preset--spacing--50);padding-right:var(--wp--preset--spacing--50);padding-bottom:var(--wp--preset--spacing--50);padding-left:var(--wp--preset--spacing--50)\">\n<div class=\"wp-block-columns alignwide is-layout-flex wp-container-core-columns-is-layout-28f84493 wp-block-columns-is-layout-flex\">\n<div class=\"wp-block-column is-layout-flow wp-block-column-is-layout-flow\" style=\"flex-basis:40%\">\n<p class=\"has-contrast-color has-text-color has-link-color has-x-large-font-size wp-elements-fbdda0e26268c048c16a1c6508ef9ee5 wp-container-content-0733e5d0\">Vaihtolavat<\/p>\n<\/div>\n<\/div>\n\n\n\n<div style=\"height:var(--wp--preset--spacing--40)\" aria-hidden=\"true\" class=\"wp-block-spacer\"><\/div>\n\n\n\n<figure class=\"wp-block-image alignwide size-large has-custom-border is-style-rounded is-style-rounded--1\" style=\"margin-top:0;margin-bottom:0\"><img loading=\"lazy\" decoding=\"async\" width=\"1024\" height=\"312\" src=\"https:\/\/www.laihianautokoulu.fi\/wp-content\/uploads\/2024\/12\/Kuva-4-1024x312.jpeg\" alt=\"\" class=\"wp-image-443\" style=\"border-style:none;border-width:0px\" srcset=\"https:\/\/www.laihianautokoulu.fi\/wp-content\/uploads\/2024\/12\/Kuva-4-1024x312.jpeg 1024w, https:\/\/www.laihianautokoulu.fi\/wp-content\/uploads\/2024\/12\/Kuva-4-300x91.jpeg 300w, https:\/\/www.laihianautokoulu.fi\/wp-content\/uploads\/2024\/12\/Kuva-4-768x234.jpeg 768w, https:\/\/www.laihianautokoulu.fi\/wp-content\/uploads\/2024\/12\/Kuva-4-1536x467.jpeg 1536w, https:\/\/www.laihianautokoulu.fi\/wp-content\/uploads\/2024\/12\/Kuva-4-2048x623.jpeg 2048w\" sizes=\"auto, (max-width: 1024px) 100vw, 1024px\" \/><figcaption class=\"wp-element-caption\"><strong>KONELAVA<\/strong><\/figcaption><\/figure>\n\n\n\n<div style=\"height:113px\" aria-hidden=\"true\" class=\"wp-block-spacer\"><\/div>\n\n\n\n<figure class=\"wp-block-image alignwide size-full is-style-rounded is-style-rounded--2\"><img loading=\"lazy\" decoding=\"async\" width=\"620\" height=\"403\" src=\"https:\/\/www.laihianautokoulu.fi\/wp-content\/uploads\/2024\/12\/Kuva-3.jpeg\" alt=\"\" class=\"wp-image-442\" srcset=\"https:\/\/www.laihianautokoulu.fi\/wp-content\/uploads\/2024\/12\/Kuva-3.jpeg 620w, https:\/\/www.laihianautokoulu.fi\/wp-content\/uploads\/2024\/12\/Kuva-3-300x195.jpeg 300w\" sizes=\"auto, (max-width: 620px) 100vw, 620px\" \/><figcaption class=\"wp-element-caption\"><strong>YLEISLAVA<\/strong><\/figcaption><\/figure>\n<\/div>\n\n\n\n<div class=\"wp-block-cover alignfull is-light has-parallax\" style=\"padding-top:var(--wp--preset--spacing--50);padding-right:var(--wp--preset--spacing--50);padding-bottom:var(--wp--preset--spacing--50);padding-left:var(--wp--preset--spacing--50);min-height:100vh;aspect-ratio:unset;\"><span aria-hidden=\"true\" class=\"wp-block-cover__background has-base-background-color has-background-dim-0 has-background-dim\"><\/span><div class=\"wp-block-cover__image-background wp-image-444 has-parallax\" style=\"background-position:50% 50%;background-image:url(https:\/\/www.laihianautokoulu.fi\/wp-content\/uploads\/2024\/12\/Kuva-5.jpeg)\"><\/div><div class=\"wp-block-cover__inner-container has-global-padding is-layout-constrained wp-container-core-cover-is-layout-e4fd886c wp-block-cover-is-layout-constrained\">\n<div style=\"height:500px\" aria-hidden=\"true\" class=\"wp-block-spacer\"><\/div>\n<\/div><\/div>\n\n\n\n<div class=\"wp-block-group alignfull has-base-2-background-color has-background has-global-padding is-layout-constrained wp-container-core-group-is-layout-7cd14b77 wp-block-group-is-layout-constrained\" style=\"margin-top:0;margin-bottom:0;padding-top:var(--wp--preset--spacing--60);padding-right:var(--wp--preset--spacing--60);padding-bottom:var(--wp--preset--spacing--60);padding-left:var(--wp--preset--spacing--60)\">\n<div class=\"wp-block-group alignwide is-layout-flow wp-block-group-is-layout-flow\">\n<div style=\"height:var(--wp--preset--spacing--50)\" aria-hidden=\"true\" class=\"wp-block-spacer\"><\/div>\n\n\n\n<p class=\"has-text-align-center has-heading-font-family has-x-large-font-size\" style=\"font-style:normal;font-weight:400;line-height:1.2\">&#8221;Kuorma-autot ovat elint\u00e4rkeit\u00e4 Suomelle. Ne ovat keskeinen osa maan taloutta ja logistiikkaj\u00e4rjestelm\u00e4\u00e4&#8221;<\/p>\n\n\n\n<div style=\"height:var(--wp--preset--spacing--50)\" aria-hidden=\"true\" class=\"wp-block-spacer\"><\/div>\n<\/div>\n<\/div>\n","protected":false},"excerpt":{"rendered":"<p>Vaihtolavat &#8221;Kuorma-autot ovat elint\u00e4rkeit\u00e4 Suomelle. Ne ovat keskeinen osa maan taloutta ja logistiikkaj\u00e4rjestelm\u00e4\u00e4&#8221;<\/p>\n","protected":false},"author":1,"featured_media":0,"parent":0,"menu_order":0,"comment_status":"closed","ping_status":"closed","template":"","meta":{"footnotes":"[]"},"class_list":["post-242","page","type-page","status-publish","hentry"],"jetpack_sharing_enabled":true,"_links":{"self":[{"href":"https:\/\/www.laihianautokoulu.fi\/index.php\/wp-json\/wp\/v2\/pages\/242","targetHints":{"allow":["GET"]}}],"collection":[{"href":"https:\/\/www.laihianautokoulu.fi\/index.php\/wp-json\/wp\/v2\/pages"}],"about":[{"href":"https:\/\/www.laihianautokoulu.fi\/index.php\/wp-json\/wp\/v2\/types\/page"}],"author":[{"embeddable":true,"href":"https:\/\/www.laihianautokoulu.fi\/index.php\/wp-json\/wp\/v2\/users\/1"}],"replies":[{"embeddable":true,"href":"https:\/\/www.laihianautokoulu.fi\/index.php\/wp-json\/wp\/v2\/comments?post=242"}],"version-history":[{"count":2,"href":"https:\/\/www.laihianautokoulu.fi\/index.php\/wp-json\/wp\/v2\/pages\/242\/revisions"}],"predecessor-version":[{"id":445,"href":"https:\/\/www.laihianautokoulu.fi\/index.php\/wp-json\/wp\/v2\/pages\/242\/revisions\/445"}],"wp:attachment":[{"href":"https:\/\/www.laihianautokoulu.fi\/index.php\/wp-json\/wp\/v2\/media?parent=242"}],"curies":[{"name":"wp","href":"https:\/\/api.w.org\/{rel}","templated":true}]}}