{"id":240,"date":"2024-10-31T11:50:06","date_gmt":"2024-10-31T11:50:06","guid":{"rendered":"https:\/\/www.laihianautokoulu.fi\/?page_id=240"},"modified":"2026-02-02T15:00:36","modified_gmt":"2026-02-02T15:00:36","slug":"paljun-vuokraus","status":"publish","type":"page","link":"https:\/\/www.laihianautokoulu.fi\/index.php\/paljun-vuokraus\/","title":{"rendered":"Paljun vuokraus"},"content":{"rendered":"\n<div class=\"wp-block-group alignfull has-accent-2-background-color has-background has-global-padding is-layout-constrained wp-container-core-group-is-layout-669513ed wp-block-group-is-layout-constrained\" style=\"margin-top:0;margin-bottom:0;padding-top:var(--wp--preset--spacing--50);padding-right:var(--wp--preset--spacing--50);padding-bottom:var(--wp--preset--spacing--50);padding-left:var(--wp--preset--spacing--50)\">\n<div class=\"wp-block-columns alignwide is-layout-flex wp-container-core-columns-is-layout-28f84493 wp-block-columns-is-layout-flex\">\n<div class=\"wp-block-column is-layout-flow wp-block-column-is-layout-flow\" style=\"flex-basis:40%\">\n<p class=\"has-large-font-size wp-container-content-0733e5d0\"><strong>Palju<\/strong><\/p>\n\n\n\n<p>Hot tub<\/p>\n<\/div>\n\n\n\n<div class=\"wp-block-column is-layout-flow wp-block-column-is-layout-flow\" style=\"flex-basis:60%\">\n<p class=\"has-large-font-size\" style=\"line-height:1.2\">Palju sijaitsee Laihialla<\/p>\n\n\n\n<p>The hot tub is located in Laihia<\/p>\n\n\n\n<p class=\"has-large-font-size\" style=\"line-height:1.2\">Vuoraukseen ei sis\u00e4lly polttopuita eik\u00e4 kylpyvett\u00e4<\/p>\n\n\n\n<p>Firewood and bathwater are not included in the rental<\/p>\n\n\n\n<p class=\"has-large-font-size\" style=\"line-height:1.2\">Voimme toimittaa ja noutaa paljun my\u00f6s korvausta vastaan<\/p>\n\n\n\n<p>We can deliver and collect the hot tub for an additional fee<\/p>\n<\/div>\n<\/div>\n\n\n\n<div style=\"height:var(--wp--preset--spacing--40)\" aria-hidden=\"true\" class=\"wp-block-spacer\"><\/div>\n\n\n\n<p class=\"has-text-align-center\">Kysy lis\u00e4\u00e4 oheisella kaavakkeella<\/p>\n\n\n\n<p class=\"has-text-align-center\">Ask for more information<\/p>\n\n\n\n<div class=\"wp-block-contact-form-7-contact-form-selector\">\n<div class=\"wpcf7 no-js\" id=\"wpcf7-f639-o1\" lang=\"fi\" dir=\"ltr\" data-wpcf7-id=\"639\">\n<div class=\"screen-reader-response\"><p role=\"status\" aria-live=\"polite\" aria-atomic=\"true\"><\/p> <ul><\/ul><\/div>\n<form action=\"\/index.php\/wp-json\/wp\/v2\/pages\/240#wpcf7-f639-o1\" method=\"post\" class=\"wpcf7-form init\" aria-label=\"Yhteydenottolomake\" novalidate=\"novalidate\" data-status=\"init\">\n<fieldset class=\"hidden-fields-container\"><input type=\"hidden\" name=\"_wpcf7\" value=\"639\" \/><input type=\"hidden\" name=\"_wpcf7_version\" value=\"6.1.5\" \/><input type=\"hidden\" name=\"_wpcf7_locale\" value=\"fi\" \/><input type=\"hidden\" name=\"_wpcf7_unit_tag\" value=\"wpcf7-f639-o1\" \/><input type=\"hidden\" name=\"_wpcf7_container_post\" value=\"0\" \/><input type=\"hidden\" name=\"_wpcf7_posted_data_hash\" value=\"\" \/>\n<\/fieldset>\n<p><label> Nimesi name<br \/>\n<span class=\"wpcf7-form-control-wrap\" data-name=\"your-name\"><input size=\"40\" maxlength=\"400\" class=\"wpcf7-form-control wpcf7-text wpcf7-validates-as-required\" autocomplete=\"name\" aria-required=\"true\" aria-invalid=\"false\" value=\"\" type=\"text\" name=\"your-name\" \/><\/span> <\/label>\n<\/p>\n<p><label> S\u00e4hk\u00f6postiosoitteesi email<br \/>\n<span class=\"wpcf7-form-control-wrap\" data-name=\"your-email\"><input size=\"40\" maxlength=\"400\" class=\"wpcf7-form-control wpcf7-email wpcf7-validates-as-required wpcf7-text wpcf7-validates-as-email\" autocomplete=\"email\" aria-required=\"true\" aria-invalid=\"false\" value=\"\" type=\"email\" name=\"your-email\" \/><\/span> <\/label>\n<\/p>\n<p><label> Puhelin numero phone number<br \/>\n<span class=\"wpcf7-form-control-wrap\" data-name=\"number-513\"><input class=\"wpcf7-form-control wpcf7-number wpcf7-validates-as-number\" aria-invalid=\"false\" value=\"\" type=\"number\" name=\"number-513\" \/><\/span> <\/label>\n<\/p>\n<p><label> Aihe subject<br \/>\n<span class=\"wpcf7-form-control-wrap\" data-name=\"your-subject\"><input size=\"40\" maxlength=\"400\" class=\"wpcf7-form-control wpcf7-text wpcf7-validates-as-required\" aria-required=\"true\" aria-invalid=\"false\" value=\"\" type=\"text\" name=\"your-subject\" \/><\/span> <\/label>\n<\/p>\n<p><label> Viestisi (esim. koska, minne, kuljetus) message (where, when, transport)<br \/>\n<span class=\"wpcf7-form-control-wrap\" data-name=\"your-message\"><textarea cols=\"40\" rows=\"10\" maxlength=\"2000\" class=\"wpcf7-form-control wpcf7-textarea\" aria-invalid=\"false\" name=\"your-message\"><\/textarea><\/span> <\/label>\n<\/p>\n<p><input class=\"wpcf7-form-control wpcf7-submit has-spinner\" type=\"submit\" value=\"L\u00e4het\u00e4\" \/>\n<\/p><div class=\"wpcf7-response-output\" aria-hidden=\"true\"><\/div>\n<\/form>\n<\/div>\n<\/div>\n\n\n\n<figure class=\"wp-block-image alignwide size-large is-style-rounded is-style-rounded--1\"><img loading=\"lazy\" decoding=\"async\" width=\"1024\" height=\"768\" src=\"https:\/\/www.laihianautokoulu.fi\/wp-content\/uploads\/2025\/10\/Kuva-1024x768.jpeg\" alt=\"\" class=\"wp-image-623\" srcset=\"https:\/\/www.laihianautokoulu.fi\/wp-content\/uploads\/2025\/10\/Kuva-1024x768.jpeg 1024w, https:\/\/www.laihianautokoulu.fi\/wp-content\/uploads\/2025\/10\/Kuva-300x225.jpeg 300w, https:\/\/www.laihianautokoulu.fi\/wp-content\/uploads\/2025\/10\/Kuva-768x576.jpeg 768w, https:\/\/www.laihianautokoulu.fi\/wp-content\/uploads\/2025\/10\/Kuva-1536x1152.jpeg 1536w, https:\/\/www.laihianautokoulu.fi\/wp-content\/uploads\/2025\/10\/Kuva.jpeg 2048w\" sizes=\"auto, (max-width: 1024px) 100vw, 1024px\" \/><\/figure>\n<\/div>\n\n\n\n<div class=\"wp-block-cover alignfull is-light has-parallax\" style=\"margin-top:0;margin-bottom:0;padding-top:var(--wp--preset--spacing--50);padding-right:var(--wp--preset--spacing--50);padding-bottom:var(--wp--preset--spacing--50);padding-left:var(--wp--preset--spacing--50);min-height:100vh;aspect-ratio:unset;\"><div class=\"wp-block-cover__image-background wp-image-644 size-full has-parallax\" style=\"background-position:50% 50%;background-image:url(https:\/\/www.laihianautokoulu.fi\/wp-content\/uploads\/2026\/01\/Lampoa-talviyossa-kauniilla-hetkella.png)\"><\/div><span aria-hidden=\"true\" class=\"wp-block-cover__background has-base-background-color has-background-dim-0 has-background-dim\"><\/span><div class=\"wp-block-cover__inner-container has-global-padding is-layout-constrained wp-container-core-cover-is-layout-fdf6a232 wp-block-cover-is-layout-constrained\">\n<div style=\"height:500px\" aria-hidden=\"true\" class=\"wp-block-spacer\"><\/div>\n<\/div><\/div>\n\n\n\n<div class=\"wp-block-group alignfull has-base-2-background-color has-background has-global-padding is-layout-constrained wp-container-core-group-is-layout-7cd14b77 wp-block-group-is-layout-constrained\" style=\"margin-top:0;margin-bottom:0;padding-top:var(--wp--preset--spacing--60);padding-right:var(--wp--preset--spacing--60);padding-bottom:var(--wp--preset--spacing--60);padding-left:var(--wp--preset--spacing--60)\">\n<div class=\"wp-block-group alignwide is-layout-flow wp-block-group-is-layout-flow\">\n<div style=\"height:1px\" aria-hidden=\"true\" class=\"wp-block-spacer\"><\/div>\n\n\n\n<p class=\"has-text-align-center has-heading-font-family has-x-large-font-size\" style=\"font-style:normal;font-weight:400;line-height:1.2\">&#8221;Paljussa vietetty aika, erityisesti luonnon \u00e4\u00e4rell\u00e4 tai yst\u00e4vien seurassa, voi parantaa mielialaa ja v\u00e4hent\u00e4\u00e4 stressi\u00e4&#8221;<\/p>\n\n\n\n<div style=\"height:5px\" aria-hidden=\"true\" class=\"wp-block-spacer\"><\/div>\n<\/div>\n<\/div>\n\n\n\n<details class=\"wp-block-details is-layout-flow wp-block-details-is-layout-flow\"><summary>Paljun k\u00e4ytt\u00f6ohjeet<\/summary>\n<p>Kamiinasta ty\u00f6nt\u00e4minen paljua siirrett\u00e4ess\u00e4 on kielletty!<\/p>\n\n\n\n<p>Paljuk\u00e4rry\u00e4 saa siirt\u00e4\u00e4 vain tyhj\u00e4n\u00e4<\/p>\n\n\n\n<p>Pakkasella vett\u00e4 ei saa p\u00e4\u00e4st\u00e4\u00e4 j\u00e4\u00e4tym\u00e4\u00e4n, se rikkoo laitteiston, varsinkin kamiina ja putkisto j\u00e4\u00e4tyy ensimm\u00e4isen\u00e4<\/p>\n\n\n\n<p>Kamiinaan ei saa sytytt\u00e4\u00e4 tulta ennen, kuin vedentaso on ylitt\u00e4nyt kamiinasta tulevat rei\u00e4t. Ellei vesi ole tarpeeksi korkealla, liian aikaisin sytytetty tuli rikkoo kamiinan<\/p>\n\n\n\n<p>Tukijalat asetetaan alas ennen veden t\u00e4ytt\u00f6\u00e4 noin 5cm irti maasta, jolloin paino kohdistuu t\u00e4yttyess\u00e4 tasaisesti koko k\u00e4rrylle<\/p>\n\n\n\n<p>Palju on palautettava tyhj\u00e4n\u00e4 ja pestyn\u00e4 (sis\u00e4pinnat), tulisija tyhjennettyn\u00e4 tuhkasta<\/p>\n\n\n\n<p>Hyvi\u00e4 ja nautinnollisia hetki\u00e4 paljussa<\/p>\n<\/details>\n\n\n\n<details class=\"wp-block-details is-layout-flow wp-block-details-is-layout-flow\"><summary>Hot tub instructions for use<\/summary>\n<p>Pushing the hot tub by the heater\/stove is strictly prohibited!<\/p>\n\n\n\n<p>The hot tub trailer must only be moved when empty.<\/p>\n\n\n\n<p>In freezing temperatures, do not allow the water to freeze; it will destroy the equipment.<\/p>\n\n\n\n<p>Do not light a fire in the heater until the water level has risen above the upper heater pipes. Lighting a fire too early will ruin the heater.<\/p>\n\n\n\n<p>Lower the stabilizer legs before filling with water, leaving them about 5 cm off the ground. This ensures the weight is distributed evenly across the trailer as it fills.<\/p>\n\n\n\n<p>The hot tub must be returned empty and cleaned (interior surfaces), and the heater must be cleared of ashes.<\/p>\n\n\n\n<p>Have a wonderful and relaxing time in the hot tub!<\/p>\n<\/details>\n\n\n\n<p><\/p>\n","protected":false},"excerpt":{"rendered":"<p>Palju Hot tub Palju sijaitsee Laihialla The hot tub is located in Laihia Vuoraukseen ei sis\u00e4lly polttopuita eik\u00e4 kylpyvett\u00e4 Firewood and bathwater are not included in the rental Voimme toimittaa ja noutaa paljun my\u00f6s korvausta vastaan We can deliver and collect the hot tub for an additional fee Kysy lis\u00e4\u00e4 oheisella kaavakkeella Ask for more [&hellip;]<\/p>\n","protected":false},"author":1,"featured_media":0,"parent":0,"menu_order":0,"comment_status":"closed","ping_status":"closed","template":"","meta":{"footnotes":""},"class_list":["post-240","page","type-page","status-publish","hentry"],"jetpack_sharing_enabled":true,"_links":{"self":[{"href":"https:\/\/www.laihianautokoulu.fi\/index.php\/wp-json\/wp\/v2\/pages\/240","targetHints":{"allow":["GET"]}}],"collection":[{"href":"https:\/\/www.laihianautokoulu.fi\/index.php\/wp-json\/wp\/v2\/pages"}],"about":[{"href":"https:\/\/www.laihianautokoulu.fi\/index.php\/wp-json\/wp\/v2\/types\/page"}],"author":[{"embeddable":true,"href":"https:\/\/www.laihianautokoulu.fi\/index.php\/wp-json\/wp\/v2\/users\/1"}],"replies":[{"embeddable":true,"href":"https:\/\/www.laihianautokoulu.fi\/index.php\/wp-json\/wp\/v2\/comments?post=240"}],"version-history":[{"count":18,"href":"https:\/\/www.laihianautokoulu.fi\/index.php\/wp-json\/wp\/v2\/pages\/240\/revisions"}],"predecessor-version":[{"id":719,"href":"https:\/\/www.laihianautokoulu.fi\/index.php\/wp-json\/wp\/v2\/pages\/240\/revisions\/719"}],"wp:attachment":[{"href":"https:\/\/www.laihianautokoulu.fi\/index.php\/wp-json\/wp\/v2\/media?parent=240"}],"curies":[{"name":"wp","href":"https:\/\/api.w.org\/{rel}","templated":true}]}}