{"id":238,"date":"2024-10-31T11:50:15","date_gmt":"2024-10-31T11:50:15","guid":{"rendered":"https:\/\/www.laihianautokoulu.fi\/?page_id=238"},"modified":"2025-03-03T07:48:48","modified_gmt":"2025-03-03T07:48:48","slug":"tilausajo","status":"publish","type":"page","link":"https:\/\/www.laihianautokoulu.fi\/index.php\/tilausajo\/","title":{"rendered":"Tilausajo"},"content":{"rendered":"\n<div class=\"wp-block-group alignfull has-accent-2-background-color has-background has-global-padding is-layout-constrained wp-container-core-group-is-layout-669513ed wp-block-group-is-layout-constrained\" style=\"margin-top:0;margin-bottom:0;padding-top:var(--wp--preset--spacing--50);padding-right:var(--wp--preset--spacing--50);padding-bottom:var(--wp--preset--spacing--50);padding-left:var(--wp--preset--spacing--50)\">\n<div class=\"wp-block-columns alignwide is-layout-flex wp-container-core-columns-is-layout-28f84493 wp-block-columns-is-layout-flex\">\n<div class=\"wp-block-column is-layout-flow wp-block-column-is-layout-flow\" style=\"flex-basis:40%\">\n<p class=\"has-large-font-size wp-container-content-0733e5d0\"><strong>Linja-auto tilausajoon<\/strong><\/p>\n<\/div>\n\n\n\n<div class=\"wp-block-column is-layout-flow wp-block-column-is-layout-flow\" style=\"flex-basis:60%\"><\/div>\n<\/div>\n\n\n\n<div style=\"height:var(--wp--preset--spacing--40)\" aria-hidden=\"true\" class=\"wp-block-spacer\"><\/div>\n\n\n\n<figure class=\"wp-block-image alignwide size-full is-style-rounded is-style-rounded--1\"><img decoding=\"async\" src=\"https:\/\/www.laihianautokoulu.fi\/wp-content\/uploads\/2024\/11\/tempImagecDxDxD.heic\" alt=\"\" class=\"wp-image-360\"\/><figcaption class=\"wp-element-caption\">20 istuinpaikkaa, turvavy\u00f6t<\/figcaption><\/figure>\n\n\n\n<div style=\"height:100px\" aria-hidden=\"true\" class=\"wp-block-spacer\"><\/div>\n\n\n\n<figure class=\"wp-block-image alignwide size-large\"><img loading=\"lazy\" decoding=\"async\" width=\"1024\" height=\"300\" src=\"https:\/\/www.laihianautokoulu.fi\/wp-content\/uploads\/2025\/03\/Aihe-kopio-1024x300.png\" alt=\"\" class=\"wp-image-593\" srcset=\"https:\/\/www.laihianautokoulu.fi\/wp-content\/uploads\/2025\/03\/Aihe-kopio-1024x300.png 1024w, https:\/\/www.laihianautokoulu.fi\/wp-content\/uploads\/2025\/03\/Aihe-kopio-300x88.png 300w, https:\/\/www.laihianautokoulu.fi\/wp-content\/uploads\/2025\/03\/Aihe-kopio-768x225.png 768w, https:\/\/www.laihianautokoulu.fi\/wp-content\/uploads\/2025\/03\/Aihe-kopio-1536x451.png 1536w, https:\/\/www.laihianautokoulu.fi\/wp-content\/uploads\/2025\/03\/Aihe-kopio-2048x601.png 2048w\" sizes=\"auto, (max-width: 1024px) 100vw, 1024px\" \/><figcaption class=\"wp-element-caption\">49 istuinpaikkaa, turvavy\u00f6t, WC<\/figcaption><\/figure>\n\n\n\n<div style=\"height:100px\" aria-hidden=\"true\" class=\"wp-block-spacer\"><\/div>\n\n\n\n<figure class=\"wp-block-image alignwide size-full\"><img decoding=\"async\" src=\"https:\/\/www.laihianautokoulu.fi\/wp-content\/uploads\/2024\/11\/tempImageGP5vZ8.heic\" alt=\"\" class=\"wp-image-361\"\/><\/figure>\n<\/div>\n\n\n\n<div class=\"wp-block-cover alignfull is-light has-parallax\" style=\"padding-top:var(--wp--preset--spacing--50);padding-right:var(--wp--preset--spacing--50);padding-bottom:var(--wp--preset--spacing--50);padding-left:var(--wp--preset--spacing--50);min-height:100vh;aspect-ratio:unset;\"><span aria-hidden=\"true\" class=\"wp-block-cover__background has-base-background-color has-background-dim-0 has-background-dim\"><\/span><div class=\"wp-block-cover__image-background wp-image-362 has-parallax\" style=\"background-position:50% 50%;background-image:url(https:\/\/www.laihianautokoulu.fi\/wp-content\/uploads\/2024\/11\/tempImage3gawh5.heic)\"><\/div><div class=\"wp-block-cover__inner-container has-global-padding is-layout-constrained wp-container-core-cover-is-layout-e4fd886c wp-block-cover-is-layout-constrained\">\n<div style=\"height:500px\" aria-hidden=\"true\" class=\"wp-block-spacer\"><\/div>\n<\/div><\/div>\n\n\n\n<div class=\"wp-block-group alignfull has-base-2-background-color has-background has-global-padding is-layout-constrained wp-container-core-group-is-layout-7cd14b77 wp-block-group-is-layout-constrained\" style=\"margin-top:0;margin-bottom:0;padding-top:var(--wp--preset--spacing--60);padding-right:var(--wp--preset--spacing--60);padding-bottom:var(--wp--preset--spacing--60);padding-left:var(--wp--preset--spacing--60)\">\n<div class=\"wp-block-group alignwide is-layout-flow wp-block-group-is-layout-flow\">\n<div style=\"height:var(--wp--preset--spacing--50)\" aria-hidden=\"true\" class=\"wp-block-spacer\"><\/div>\n\n\n\n<p class=\"has-text-align-center has-heading-font-family has-x-large-font-size\" style=\"font-style:normal;font-weight:400;line-height:1.2\">&#8221;Pienemm\u00e4ll\u00e4 bussilla on monia etuja, erityisesti silloin, kun kuljetustarpeet tai reitit eiv\u00e4t vaadi suurta ajoneuvoa. Se on my\u00f6s ymp\u00e4rist\u00f6yst\u00e4v\u00e4llisempi vaihtoehto&#8221;<\/p>\n\n\n\n<div style=\"height:var(--wp--preset--spacing--50)\" aria-hidden=\"true\" class=\"wp-block-spacer\"><\/div>\n<\/div>\n<\/div>\n","protected":false},"excerpt":{"rendered":"<p>Linja-auto tilausajoon &#8221;Pienemm\u00e4ll\u00e4 bussilla on monia etuja, erityisesti silloin, kun kuljetustarpeet tai reitit eiv\u00e4t vaadi suurta ajoneuvoa. Se on my\u00f6s ymp\u00e4rist\u00f6yst\u00e4v\u00e4llisempi vaihtoehto&#8221;<\/p>\n","protected":false},"author":1,"featured_media":0,"parent":0,"menu_order":0,"comment_status":"closed","ping_status":"closed","template":"","meta":{"footnotes":""},"class_list":["post-238","page","type-page","status-publish","hentry"],"jetpack_sharing_enabled":true,"_links":{"self":[{"href":"https:\/\/www.laihianautokoulu.fi\/index.php\/wp-json\/wp\/v2\/pages\/238","targetHints":{"allow":["GET"]}}],"collection":[{"href":"https:\/\/www.laihianautokoulu.fi\/index.php\/wp-json\/wp\/v2\/pages"}],"about":[{"href":"https:\/\/www.laihianautokoulu.fi\/index.php\/wp-json\/wp\/v2\/types\/page"}],"author":[{"embeddable":true,"href":"https:\/\/www.laihianautokoulu.fi\/index.php\/wp-json\/wp\/v2\/users\/1"}],"replies":[{"embeddable":true,"href":"https:\/\/www.laihianautokoulu.fi\/index.php\/wp-json\/wp\/v2\/comments?post=238"}],"version-history":[{"count":3,"href":"https:\/\/www.laihianautokoulu.fi\/index.php\/wp-json\/wp\/v2\/pages\/238\/revisions"}],"predecessor-version":[{"id":596,"href":"https:\/\/www.laihianautokoulu.fi\/index.php\/wp-json\/wp\/v2\/pages\/238\/revisions\/596"}],"wp:attachment":[{"href":"https:\/\/www.laihianautokoulu.fi\/index.php\/wp-json\/wp\/v2\/media?parent=238"}],"curies":[{"name":"wp","href":"https:\/\/api.w.org\/{rel}","templated":true}]}}