{"id":226,"date":"2024-10-31T11:35:40","date_gmt":"2024-10-31T11:35:40","guid":{"rendered":"https:\/\/www.laihianautokoulu.fi\/?page_id=226"},"modified":"2026-01-08T11:00:07","modified_gmt":"2026-01-08T11:00:07","slug":"hinnasto","status":"publish","type":"page","link":"https:\/\/www.laihianautokoulu.fi\/index.php\/hinnasto\/","title":{"rendered":"Hinnasto"},"content":{"rendered":"\n<div class=\"wp-block-cover alignfull is-light has-parallax\" style=\"padding-top:var(--wp--preset--spacing--50);padding-right:var(--wp--preset--spacing--50);padding-bottom:var(--wp--preset--spacing--50);padding-left:var(--wp--preset--spacing--50);min-height:428px;aspect-ratio:unset;\"><div class=\"wp-block-cover__image-background wp-image-403 has-parallax\" style=\"background-position:50% 50%;background-image:url(https:\/\/www.laihianautokoulu.fi\/wp-content\/uploads\/2024\/12\/Kuva-scaled.jpeg)\"><\/div><span aria-hidden=\"true\" class=\"wp-block-cover__background has-base-background-color has-background-dim-0 has-background-dim\"><\/span><div class=\"wp-block-cover__inner-container has-global-padding is-layout-constrained wp-container-core-cover-is-layout-e4fd886c wp-block-cover-is-layout-constrained\">\n<div style=\"height:212px\" aria-hidden=\"true\" class=\"wp-block-spacer\"><\/div>\n<\/div><\/div>\n\n\n\n<div class=\"wp-block-group alignfull has-base-2-background-color has-background has-global-padding is-layout-constrained wp-container-core-group-is-layout-7cd14b77 wp-block-group-is-layout-constrained\" style=\"margin-top:0;margin-bottom:0;padding-top:var(--wp--preset--spacing--60);padding-right:var(--wp--preset--spacing--60);padding-bottom:var(--wp--preset--spacing--60);padding-left:var(--wp--preset--spacing--60)\">\n<div class=\"wp-block-group alignwide is-layout-flow wp-block-group-is-layout-flow\">\n<div style=\"height:16px\" aria-hidden=\"true\" class=\"wp-block-spacer\"><\/div>\n\n\n\n<p class=\"has-text-align-center has-heading-font-family has-x-large-font-size\" style=\"font-style:normal;font-weight:400;line-height:1.2\">HINNASTO<\/p>\n\n\n\n<p class=\"has-text-align-center\">HINNAT&nbsp;<mark style=\"background-color:rgba(0, 0, 0, 0)\" class=\"has-inline-color has-accent-3-color\">EIV\u00c4T<\/mark>&nbsp;<\/p>\n\n\n\n<p class=\"has-text-align-center\">SIS\u00c4LL\u00c4&nbsp;VIRANOMAISMAKSUJA&nbsp;<\/p>\n\n\n\n<div class=\"wp-block-group has-global-padding is-layout-constrained wp-block-group-is-layout-constrained\">\n<div class=\"wp-block-group has-global-padding is-layout-constrained wp-block-group-is-layout-constrained\">\n<figure class=\"wp-block-table is-style-regular has-small-font-size\" style=\"margin-top:0;margin-right:0;margin-bottom:0;margin-left:0;line-height:1.5;text-transform:uppercase\"><table class=\"has-fixed-layout\" style=\"border-width:1px\"><thead><tr><th>Opetuspaketti \u20ac<\/th><\/tr><\/thead><tbody><tr><td>AM-120&nbsp;PERUS 360,00<\/td><\/tr><tr><td>AM-120&nbsp;LAATU 460,00<\/td><\/tr><tr><td>AM-121&nbsp;PERUS 460,00<\/td><\/tr><tr><td>AM-121&nbsp;LAATU 560,00<\/td><\/tr><tr><td>T 110,00<\/td><\/tr><tr><td>T&nbsp;(AM120\/121&nbsp;YHTEYDESS\u00c4) 61,00<\/td><\/tr><tr><td>A1&nbsp;\/&nbsp;A2&nbsp;\/&nbsp;A&nbsp;PERUS 590,00<\/td><\/tr><tr><td>A1&nbsp;\/&nbsp;A2&nbsp;\/&nbsp;A&nbsp;LAATU 890,00<\/td><\/tr><tr><td>A2&nbsp;\/&nbsp;A&nbsp;KOROTUSKOULUTUS 410,00<\/td><\/tr><tr><td>B&nbsp;MINI 999,00<\/td><\/tr><tr><td>B&nbsp;PERUS 1349,00<\/td><\/tr><tr><td>B&nbsp;LAATU 1749,00<\/td><\/tr><tr><td>C1 470,00<\/td><\/tr><tr><td>C1E 570,00<\/td><\/tr><tr><td>C 1390,00<\/td><\/tr><tr><td>C&nbsp;(C1&nbsp;SAATU&nbsp;1.12.2018&nbsp;J\u00c4LK) 1050,00<\/td><\/tr><tr><td>C&nbsp;(C1&nbsp;SAATU&nbsp;ENNEN&nbsp;1.12.2018) 790,00<\/td><\/tr><tr><td>D (aikaisempi C ja amp\u00e4t ollut voimassa 1v) 1750,00<\/td><\/tr><tr><td>D (aikaisempi C) 4200,00<\/td><\/tr><tr><td>RISKIKOULUTUS&nbsp;MINI 305,00<\/td><\/tr><tr><td>RISKIKOULUTUS&nbsp;PERUS 355,00<\/td><\/tr><tr><td>RISKIKOULUTUS&nbsp;LAATU 465,00<\/td><\/tr><tr><td>EAS 49,00<\/td><\/tr><tr><td>AJOKIELTOKOULUTUS 169,00<\/td><\/tr><tr><td>KESKEYTYSMAKSU 120,00<\/td><\/tr><tr><td>TEORIAKOEHARJ.TUNNUKSET&nbsp;\/&nbsp;KK 25,00<\/td><\/tr><tr><td>PERUST&nbsp;AMP\u00c4T&nbsp;140H 3700,00<\/td><\/tr><tr><td>PERUST&nbsp;AMP\u00c4T&nbsp;280H 7990,00<\/td><\/tr><tr><td>PERUST&nbsp;AMP\u00c4T&nbsp;LAAJENNUS&nbsp;35H 1500,00<\/td><\/tr><tr><td>PERUST&nbsp;AMP\u00c4T&nbsp;LAAJENNUS&nbsp;70H 2750,00<\/td><\/tr><tr><td>AMP\u00c4T\u00a0JATKOPV\u00a0VERKOSSA 99,00<\/td><\/tr><tr><td>LIS\u00c4AJOTUNTI 80,00<\/td><\/tr><tr><td>LIS\u00c4TEORIATUNTI 45,00<\/td><\/tr><tr><td>AJON.&nbsp;K\u00c4YTT\u00d6&nbsp;UUSINTA-AJOKOKEESSA&nbsp;JA&nbsp;VIENTI&nbsp;KOEPAIKALLE&nbsp;(VAASA) 160,00<\/td><\/tr><tr><td>AJON.&nbsp;K\u00c4YTT\u00d6&nbsp;UUSINTA-AJOKOKEESSA&nbsp;JA&nbsp;VIENTI&nbsp;KOEPAIKALLE&nbsp;(SEIN\u00c4JOKI) 210,00<\/td><\/tr><tr><td>AJON.&nbsp;K\u00c4YTT\u00d6&nbsp;UUSINTA-AJOKOKEESSA&nbsp;JA&nbsp;VIENTI&nbsp;KOEPAIKALLE&nbsp;(KURIKKA,&nbsp;KAUHAVA) 260,00<\/td><\/tr><\/tbody><\/table><\/figure>\n\n\n\n<ul class=\"wp-block-list\">\n<li><strong>MAKSUVAIHTOEHDOT<\/strong>\n<ul class=\"wp-block-list\">\n<li>SVEA-osamaksurahoitus, jolloin kortin suorittaminen ei ole riippuvainen maksuaikataulusta<\/li>\n\n\n\n<li>Laskulla kerralla\/eriss\u00e4 kuluttomasti (ei korkoa) ennen teoria- ja ajokoetta <\/li>\n\n\n\n<li>Kortti \/ k\u00e4teinen<\/li>\n<\/ul>\n<\/li>\n<\/ul>\n\n\n\n<div style=\"height:48px\" aria-hidden=\"true\" class=\"wp-block-spacer\"><\/div>\n\n\n\n<figure class=\"wp-block-table is-style-regular has-small-font-size\" style=\"margin-top:0;margin-right:0;margin-bottom:0;margin-left:0;line-height:1.5;text-transform:uppercase\"><table class=\"has-fixed-layout\" style=\"border-width:1px\"><thead><tr><th>VIRANOMAISMAKSUT \u20ac<\/th><\/tr><\/thead><tbody><tr><td>Ajokorttilupahakemus 45,00<\/td><\/tr><tr><td>teoriakoe 46,00<\/td><\/tr><tr><td>suullinen teoriakoe 119,00<\/td><\/tr><tr><td>ajokoe am121 \/ a1 \/ a2 \/ a 85,00<\/td><\/tr><tr><td>ajokoe b 110,00<\/td><\/tr><tr><td>ajokoe be \/ C1 \/ C \/ D1 \/ d 125,00<\/td><\/tr><tr><td>ajokoe c1e \/ Ce \/ D1e \/ de 140,00<\/td><\/tr><tr><td>k\u00e4sittelykoe am120 36,00<\/td><\/tr><tr><td>AMMATTIP\u00c4TEVYYDEN\u00a0S\u00c4HK\u00d6INEN\u00a0REKISTER\u00d6INTIMAKSU\u00a013,00<\/td><\/tr><\/tbody><\/table><\/figure>\n<\/div>\n<\/div>\n\n\n\n<div class=\"wp-block-columns are-vertically-aligned-top is-layout-flex wp-container-core-columns-is-layout-28f84493 wp-block-columns-is-layout-flex\">\n<div class=\"wp-block-column is-vertically-aligned-top is-layout-flow wp-block-column-is-layout-flow\" style=\"flex-basis:100%\"><\/div>\n<\/div>\n\n\n\n<div style=\"height:var(--wp--preset--spacing--50)\" aria-hidden=\"true\" class=\"wp-block-spacer\"><\/div>\n<\/div>\n<\/div>\n","protected":false},"excerpt":{"rendered":"<p>HINNASTO HINNAT&nbsp;EIV\u00c4T&nbsp; SIS\u00c4LL\u00c4&nbsp;VIRANOMAISMAKSUJA&nbsp; Opetuspaketti \u20ac AM-120&nbsp;PERUS 360,00 AM-120&nbsp;LAATU 460,00 AM-121&nbsp;PERUS 460,00 AM-121&nbsp;LAATU 560,00 T 110,00 T&nbsp;(AM120\/121&nbsp;YHTEYDESS\u00c4) 61,00 A1&nbsp;\/&nbsp;A2&nbsp;\/&nbsp;A&nbsp;PERUS 590,00 A1&nbsp;\/&nbsp;A2&nbsp;\/&nbsp;A&nbsp;LAATU 890,00 A2&nbsp;\/&nbsp;A&nbsp;KOROTUSKOULUTUS 410,00 B&nbsp;MINI 999,00 B&nbsp;PERUS 1349,00 B&nbsp;LAATU 1749,00 C1 470,00 C1E 570,00 C 1390,00 C&nbsp;(C1&nbsp;SAATU&nbsp;1.12.2018&nbsp;J\u00c4LK) 1050,00 C&nbsp;(C1&nbsp;SAATU&nbsp;ENNEN&nbsp;1.12.2018) 790,00 D (aikaisempi C ja amp\u00e4t ollut voimassa 1v) 1750,00 D (aikaisempi C) 4200,00 RISKIKOULUTUS&nbsp;MINI 305,00 RISKIKOULUTUS&nbsp;PERUS [&hellip;]<\/p>\n","protected":false},"author":1,"featured_media":0,"parent":0,"menu_order":0,"comment_status":"closed","ping_status":"closed","template":"","meta":{"footnotes":""},"class_list":["post-226","page","type-page","status-publish","hentry"],"jetpack_sharing_enabled":true,"_links":{"self":[{"href":"https:\/\/www.laihianautokoulu.fi\/index.php\/wp-json\/wp\/v2\/pages\/226","targetHints":{"allow":["GET"]}}],"collection":[{"href":"https:\/\/www.laihianautokoulu.fi\/index.php\/wp-json\/wp\/v2\/pages"}],"about":[{"href":"https:\/\/www.laihianautokoulu.fi\/index.php\/wp-json\/wp\/v2\/types\/page"}],"author":[{"embeddable":true,"href":"https:\/\/www.laihianautokoulu.fi\/index.php\/wp-json\/wp\/v2\/users\/1"}],"replies":[{"embeddable":true,"href":"https:\/\/www.laihianautokoulu.fi\/index.php\/wp-json\/wp\/v2\/comments?post=226"}],"version-history":[{"count":44,"href":"https:\/\/www.laihianautokoulu.fi\/index.php\/wp-json\/wp\/v2\/pages\/226\/revisions"}],"predecessor-version":[{"id":633,"href":"https:\/\/www.laihianautokoulu.fi\/index.php\/wp-json\/wp\/v2\/pages\/226\/revisions\/633"}],"wp:attachment":[{"href":"https:\/\/www.laihianautokoulu.fi\/index.php\/wp-json\/wp\/v2\/media?parent=226"}],"curies":[{"name":"wp","href":"https:\/\/api.w.org\/{rel}","templated":true}]}}