{"id":224,"date":"2024-10-31T11:26:10","date_gmt":"2024-10-31T11:26:10","guid":{"rendered":"https:\/\/www.laihianautokoulu.fi\/?page_id=224"},"modified":"2024-12-10T07:41:31","modified_gmt":"2024-12-10T07:41:31","slug":"ammattipatevyys","status":"publish","type":"page","link":"https:\/\/www.laihianautokoulu.fi\/index.php\/ammattipatevyys\/","title":{"rendered":"Ammattip\u00e4tevyys"},"content":{"rendered":"\n<div class=\"wp-block-group alignfull has-accent-2-background-color has-background has-global-padding is-layout-constrained wp-container-core-group-is-layout-669513ed wp-block-group-is-layout-constrained\" style=\"margin-top:0;margin-bottom:0;padding-top:var(--wp--preset--spacing--50);padding-right:var(--wp--preset--spacing--50);padding-bottom:var(--wp--preset--spacing--50);padding-left:var(--wp--preset--spacing--50)\">\n<div class=\"wp-block-columns alignwide is-layout-flex wp-container-core-columns-is-layout-28f84493 wp-block-columns-is-layout-flex\">\n<div class=\"wp-block-column is-layout-flow wp-block-column-is-layout-flow\" style=\"flex-basis:40%\">\n<p class=\"wp-container-content-0733e5d0\">Kuljettajan ammattip\u00e4tevyys<\/p>\n<\/div>\n\n\n\n<div class=\"wp-block-column is-layout-flow wp-block-column-is-layout-flow\" style=\"flex-basis:60%\">\n<p>Annamme kuorma- ja linja-autonkuljettajien ammattip\u00e4tevyysdirektiivin mukaista perus- ja jatkokoulutusta alan ammattilaisille<\/p>\n<\/div>\n<\/div>\n\n\n\n<div style=\"height:var(--wp--preset--spacing--40)\" aria-hidden=\"true\" class=\"wp-block-spacer\"><\/div>\n\n\n\n<figure class=\"wp-block-image alignwide size-large is-style-rounded is-style-rounded--1\"><img loading=\"lazy\" decoding=\"async\" width=\"1024\" height=\"683\" src=\"https:\/\/www.laihianautokoulu.fi\/wp-content\/uploads\/2024\/10\/digger-1867268_1920-1024x683.png\" alt=\"\" class=\"wp-image-273\" srcset=\"https:\/\/www.laihianautokoulu.fi\/wp-content\/uploads\/2024\/10\/digger-1867268_1920-1024x683.png 1024w, https:\/\/www.laihianautokoulu.fi\/wp-content\/uploads\/2024\/10\/digger-1867268_1920-300x200.png 300w, https:\/\/www.laihianautokoulu.fi\/wp-content\/uploads\/2024\/10\/digger-1867268_1920-768x512.png 768w, https:\/\/www.laihianautokoulu.fi\/wp-content\/uploads\/2024\/10\/digger-1867268_1920-1536x1024.png 1536w, https:\/\/www.laihianautokoulu.fi\/wp-content\/uploads\/2024\/10\/digger-1867268_1920.png 1920w\" sizes=\"auto, (max-width: 1024px) 100vw, 1024px\" \/><\/figure>\n<\/div>\n\n\n\n<div class=\"wp-block-group alignfull has-base-background-color has-background has-global-padding is-layout-constrained wp-container-core-group-is-layout-d89aad35 wp-block-group-is-layout-constrained\" style=\"margin-top:0;margin-bottom:0;padding-top:var(--wp--preset--spacing--50);padding-right:var(--wp--preset--spacing--50);padding-bottom:var(--wp--preset--spacing--50);padding-left:var(--wp--preset--spacing--50)\">\n<div class=\"wp-block-columns alignwide is-layout-flex wp-container-core-columns-is-layout-549b0c86 wp-block-columns-is-layout-flex\">\n<div class=\"wp-block-column has-global-padding is-content-justification-left is-layout-constrained wp-container-core-column-is-layout-4f15e8fe wp-block-column-is-layout-constrained\" style=\"flex-basis:40%\">\n<p><strong>Kuorma- ja linja-autonkuljettajan perustason ammattip\u00e4tevyyden saavuttaminen koulutus ja koe suorittamalla<\/strong><\/p>\n<\/div>\n\n\n\n<div class=\"wp-block-column is-layout-flow wp-container-core-column-is-layout-119bc444 wp-block-column-is-layout-flow\" style=\"flex-basis:60%\">\n<p class=\"has-medium-font-size\" style=\"line-height:1.2\">Perustason ammattip\u00e4tevyyskoulutuksen kesto on 280 tuntia, josta v\u00e4hint\u00e4\u00e4n 20 tuntia on oltava ajo-opetusta. Perustason ammattip\u00e4tevyyskoulutus voidaan toteuttaa my\u00f6s nopeutettuna, jolloin koulutuksen kesto on 140 tuntia ja siit\u00e4 v\u00e4hint\u00e4\u00e4n 10 tuntia on oltava ajo-opetusta<\/p>\n\n\n\n<p class=\"has-medium-font-size\" style=\"line-height:1.2\">Perustason ammattip\u00e4tevyys voidaan laajentaa toiseen kuljetusmuotoon suorittamalla t\u00e4ydent\u00e4v\u00e4 koulutus. T\u00e4ydent\u00e4v\u00e4n koulutuksen kesto on 70 tuntia, josta v\u00e4hint\u00e4\u00e4n viisi tuntia on oltava ajo-opetusta. Nopeutetussa koulutuksessa t\u00e4ydent\u00e4v\u00e4n koulutuksen kesto on 35 tuntia, josta v\u00e4hint\u00e4\u00e4n kolme tuntia on oltava ajo-opetusta<\/p>\n\n\n\n<p class=\"has-medium-font-size\" style=\"line-height:1.2\">Koulutuksen p\u00e4\u00e4tteeksi suoritetaan teoriakoe joka kest\u00e4\u00e4 45min<\/p>\n<\/div>\n<\/div>\n<\/div>\n\n\n\n<div class=\"wp-block-group alignfull has-accent-2-background-color has-background has-global-padding is-layout-constrained wp-container-core-group-is-layout-d89aad35 wp-block-group-is-layout-constrained\" style=\"margin-top:0;margin-bottom:0;padding-top:var(--wp--preset--spacing--50);padding-right:var(--wp--preset--spacing--50);padding-bottom:var(--wp--preset--spacing--50);padding-left:var(--wp--preset--spacing--50)\">\n<div class=\"wp-block-columns alignwide is-layout-flex wp-container-core-columns-is-layout-549b0c86 wp-block-columns-is-layout-flex\">\n<div class=\"wp-block-column has-global-padding is-content-justification-left is-layout-constrained wp-container-core-column-is-layout-4f15e8fe wp-block-column-is-layout-constrained\" style=\"flex-basis:40%\">\n<p><strong>Tavaraliikenne opetusm\u00e4\u00e4r\u00e4t<\/strong><\/p>\n<\/div>\n\n\n\n<div class=\"wp-block-column is-layout-flow wp-container-core-column-is-layout-119bc444 wp-block-column-is-layout-flow\" style=\"flex-basis:60%\">\n<div class=\"wp-block-columns is-layout-flex wp-container-core-columns-is-layout-28f84493 wp-block-columns-is-layout-flex\">\n<div class=\"wp-block-column is-layout-flow wp-block-column-is-layout-flow\" style=\"flex-basis:100%\">\n<div class=\"wp-block-columns is-layout-flex wp-container-core-columns-is-layout-28f84493 wp-block-columns-is-layout-flex\">\n<div class=\"wp-block-column is-layout-flow wp-block-column-is-layout-flow\" style=\"flex-basis:100%\">\n<p>18-21 vuotias<\/p>\n\n\n\n<ul class=\"wp-block-list\">\n<li>280h C ja CE ajokortti<\/li>\n\n\n\n<li>140h C1 ja C1E ajokortti<\/li>\n<\/ul>\n\n\n\n<p>yli 21-vuotias<\/p>\n\n\n\n<ul class=\"wp-block-list\">\n<li>140h C1, C1E, C, CE ajokortti<\/li>\n<\/ul>\n<\/div>\n<\/div>\n<\/div>\n<\/div>\n<\/div>\n<\/div>\n<\/div>\n\n\n\n<div class=\"wp-block-group alignfull has-base-2-background-color has-background has-global-padding is-layout-constrained wp-container-core-group-is-layout-d89aad35 wp-block-group-is-layout-constrained\" style=\"margin-top:0;margin-bottom:0;padding-top:var(--wp--preset--spacing--50);padding-right:var(--wp--preset--spacing--50);padding-bottom:var(--wp--preset--spacing--50);padding-left:var(--wp--preset--spacing--50)\">\n<div class=\"wp-block-columns alignwide is-layout-flex wp-container-core-columns-is-layout-549b0c86 wp-block-columns-is-layout-flex\">\n<div class=\"wp-block-column has-global-padding is-content-justification-left is-layout-constrained wp-container-core-column-is-layout-4f15e8fe wp-block-column-is-layout-constrained\" style=\"flex-basis:40%\">\n<p><strong>Henkil\u00f6liikenne opetusm\u00e4\u00e4r\u00e4t<\/strong><\/p>\n<\/div>\n\n\n\n<div class=\"wp-block-column is-layout-flow wp-container-core-column-is-layout-119bc444 wp-block-column-is-layout-flow\" style=\"flex-basis:60%\">\n<div class=\"wp-block-columns is-layout-flex wp-container-core-columns-is-layout-28f84493 wp-block-columns-is-layout-flex\">\n<div class=\"wp-block-column is-layout-flow wp-block-column-is-layout-flow\" style=\"flex-basis:100%\">\n<div class=\"wp-block-columns is-layout-flex wp-container-core-columns-is-layout-28f84493 wp-block-columns-is-layout-flex\">\n<div class=\"wp-block-column is-layout-flow wp-block-column-is-layout-flow\" style=\"flex-basis:100%\">\n<p>21-23 vuotias<\/p>\n\n\n\n<ul class=\"wp-block-list\">\n<li>280h D ja DE ajokortti<\/li>\n\n\n\n<li>140h D1 ja D1E ajokortti<\/li>\n\n\n\n<li>140h D ajokortti paikallisliikenteess\u00e4 max 50km reitill\u00e4<\/li>\n<\/ul>\n\n\n\n<p>yli 23-vuotias<\/p>\n\n\n\n<ul class=\"wp-block-list\">\n<li>140h D1, D1E, D, DE ajokortti<\/li>\n<\/ul>\n<\/div>\n<\/div>\n<\/div>\n<\/div>\n<\/div>\n<\/div>\n<\/div>\n\n\n\n<div class=\"wp-block-cover alignfull is-light has-parallax\" style=\"padding-top:var(--wp--preset--spacing--50);padding-right:var(--wp--preset--spacing--50);padding-bottom:var(--wp--preset--spacing--50);padding-left:var(--wp--preset--spacing--50);min-height:280px;aspect-ratio:unset;\"><span aria-hidden=\"true\" class=\"wp-block-cover__background has-base-background-color has-background-dim-0 has-background-dim\"><\/span><div class=\"wp-block-cover__image-background wp-image-309 has-parallax\" style=\"background-position:50% 50%;background-image:url(https:\/\/www.laihianautokoulu.fi\/wp-content\/uploads\/2024\/11\/CDD72EF8-D9D9-4F68-9F39-AC7EA0FAB685.png)\"><\/div><div class=\"wp-block-cover__inner-container has-global-padding is-layout-constrained wp-container-core-cover-is-layout-e4fd886c wp-block-cover-is-layout-constrained\">\n<div style=\"height:111px\" aria-hidden=\"true\" class=\"wp-block-spacer\"><\/div>\n<\/div><\/div>\n\n\n\n<div class=\"wp-block-group alignfull has-base-2-background-color has-background has-global-padding is-layout-constrained wp-container-core-group-is-layout-7cd14b77 wp-block-group-is-layout-constrained\" style=\"margin-top:0;margin-bottom:0;padding-top:var(--wp--preset--spacing--60);padding-right:var(--wp--preset--spacing--60);padding-bottom:var(--wp--preset--spacing--60);padding-left:var(--wp--preset--spacing--60)\">\n<div class=\"wp-block-group alignwide is-layout-flow wp-block-group-is-layout-flow\">\n<div style=\"height:20px\" aria-hidden=\"true\" class=\"wp-block-spacer\"><\/div>\n\n\n\n<p class=\"has-text-align-center has-heading-font-family has-x-large-font-size\" style=\"font-style:normal;font-weight:400;line-height:1.2\">&#8221;Olipa hieno homma kun kurssin sai aloittaa heti ja pystyi katsomaan oppitunteja verkossa valvomon aukiolo aikana, itse en olisi halunnut odottaa kurssille p\u00e4\u00e4sy\u00e4 julkiselle puolelle kuukausikaupalla&#8221; Mikko 21v<\/p>\n\n\n\n<div style=\"height:0px\" aria-hidden=\"true\" class=\"wp-block-spacer\"><\/div>\n<\/div>\n<\/div>\n\n\n\n<div class=\"wp-block-cover alignfull is-light is-repeated has-aspect-ratio\" style=\"padding-top:var(--wp--preset--spacing--50);padding-right:var(--wp--preset--spacing--50);padding-bottom:var(--wp--preset--spacing--50);padding-left:var(--wp--preset--spacing--50);min-height:361px;aspect-ratio:auto;min-height:unset;\"><span aria-hidden=\"true\" class=\"wp-block-cover__background has-base-background-color has-background-dim-0 has-background-dim\"><\/span><div class=\"wp-block-cover__image-background wp-image-490 is-repeated\" style=\"background-position:40% 19%;background-image:url(https:\/\/www.laihianautokoulu.fi\/wp-content\/uploads\/2024\/12\/3AE1C0E5-C98C-4F46-83F1-869E0B1769D9.jpg)\"><\/div><div class=\"wp-block-cover__inner-container has-global-padding is-layout-constrained wp-container-core-cover-is-layout-e4fd886c wp-block-cover-is-layout-constrained\">\n<div style=\"height:180px\" aria-hidden=\"true\" class=\"wp-block-spacer\"><\/div>\n<\/div><\/div>\n\n\n\n<div class=\"wp-block-group alignfull has-base-2-background-color has-background has-global-padding is-layout-constrained wp-container-core-group-is-layout-d89aad35 wp-block-group-is-layout-constrained\" style=\"margin-top:0;margin-bottom:0;padding-top:var(--wp--preset--spacing--50);padding-right:var(--wp--preset--spacing--50);padding-bottom:var(--wp--preset--spacing--50);padding-left:var(--wp--preset--spacing--50)\">\n<div class=\"wp-block-columns alignwide is-layout-flex wp-container-core-columns-is-layout-549b0c86 wp-block-columns-is-layout-flex\">\n<div class=\"wp-block-column has-global-padding is-content-justification-left is-layout-constrained wp-container-core-column-is-layout-4f15e8fe wp-block-column-is-layout-constrained\" style=\"flex-basis:40%\">\n<p><strong>Kuorma- ja linja-autonkuljettajan jatkokoulutus<\/strong> (Pohjalaisittain rirektiivip\u00e4iv\u00e4t)<\/p>\n<\/div>\n\n\n\n<div class=\"wp-block-column is-layout-flow wp-container-core-column-is-layout-119bc444 wp-block-column-is-layout-flow\" style=\"flex-basis:60%\">\n<div class=\"wp-block-columns is-layout-flex wp-container-core-columns-is-layout-28f84493 wp-block-columns-is-layout-flex\">\n<div class=\"wp-block-column is-layout-flow wp-block-column-is-layout-flow\" style=\"flex-basis:100%\">\n<div class=\"wp-block-columns is-layout-flex wp-container-core-columns-is-layout-28f84493 wp-block-columns-is-layout-flex\">\n<div class=\"wp-block-column is-layout-flow wp-block-column-is-layout-flow\" style=\"flex-basis:100%\">\n<ul class=\"wp-block-list\">\n<li class=\"has-medium-font-size\">Ammattip\u00e4tevyyden yll\u00e4pit\u00e4miseksi ja t\u00e4ydent\u00e4miseksi tai uudelleen voimaan saattamiseksi kuljettajan on suoritettava jatkokoulutus<\/li>\n\n\n\n<li class=\"has-medium-font-size\">Jatkokoulutuksen m\u00e4\u00e4r\u00e4 on 35 tuntia viiden vuoden jaksoissa<\/li>\n\n\n\n<li class=\"has-medium-font-size\">Koulutus on annettava v\u00e4hint\u00e4\u00e4n seitsem\u00e4n tunnin jaksoissa ja t\u00e4llainen jakso voidaan jakaa kahdelle per\u00e4kk\u00e4iselle p\u00e4iv\u00e4lle<\/li>\n\n\n\n<li class=\"has-medium-font-size\">Jatkokoulutukseen on aina sis\u00e4llytett\u00e4v\u00e4 v\u00e4hint\u00e4\u00e4n seitsem\u00e4n tuntia opetusta turvallisen, taloudellisen ja ymp\u00e4rist\u00f6yst\u00e4v\u00e4llisen ajotavan edist\u00e4miseksi sek\u00e4 liikenteen riskitekij\u00f6iden tunnistamisen kehitt\u00e4miseksi, vaaratilanteiden v\u00e4ltt\u00e4miseksi ja onnettomuustilanteissa toimimiseksi ja niiden seurausten lievent\u00e4miseksi (ainoa pakollinen aihe on ennakoiva ajaminen, muut aiheet oman valinnan mukaan)<\/li>\n<\/ul>\n\n\n\n<p>Miten suoritan jatkokoulutusp\u00e4iv\u00e4n?<\/p>\n\n\n\n<ul class=\"wp-block-list\">\n<li>Ilmoittaudu verkkokoulutukseen nettisivuillamme\n<ul class=\"wp-block-list\">\n<li>Vaikka t\u00e4st\u00e4 <a href=\"https:\/\/kuljettajaopetus.fi\/laihianautokoulu\" data-type=\"link\" data-id=\"https:\/\/kuljettajaopetus.fi\/laihianautokoulu\">osallistu kurssille<\/a><\/li>\n<\/ul>\n<\/li>\n\n\n\n<li>Valitse aihe kohdasta ammattip\u00e4tevyyden jatkokoulutus &#8211; verkkokoulutukset<\/li>\n\n\n\n<li>Saat linkin ja ohjeet s\u00e4hk\u00f6postiin<\/li>\n\n\n\n<li><strong>Voit suorittaa koulutuksen yhdess\u00e4 p\u00e4iv\u00e4ss\u00e4 (7h, 1h = 45min) tai kahtena per\u00e4kk\u00e4isen\u00e4 p\u00e4iv\u00e4n\u00e4 (2 x 3,5h).<\/strong><\/li>\n\n\n\n<li>Koulutus tapahtuu verkossa, joten voit osallistua mist\u00e4 haluat<\/li>\n\n\n\n<li>Voit k\u00e4ytt\u00e4\u00e4 mit\u00e4 tahansa uudehkoa tietokonetta, \u00e4lypuhelinta tai tablettia. Tarvitset lis\u00e4ksi Whatsapp- tai Signal-sovelluksen valvomon yhteytt\u00e4 varten. Ne ovat ilmaisia ja helppoja asentaa puhelimeen<\/li>\n<\/ul>\n<\/div>\n<\/div>\n<\/div>\n<\/div>\n<\/div>\n<\/div>\n<\/div>\n","protected":false},"excerpt":{"rendered":"<p>Kuljettajan ammattip\u00e4tevyys Annamme kuorma- ja linja-autonkuljettajien ammattip\u00e4tevyysdirektiivin mukaista perus- ja jatkokoulutusta alan ammattilaisille Kuorma- ja linja-autonkuljettajan perustason ammattip\u00e4tevyyden saavuttaminen koulutus ja koe suorittamalla Perustason ammattip\u00e4tevyyskoulutuksen kesto on 280 tuntia, josta v\u00e4hint\u00e4\u00e4n 20 tuntia on oltava ajo-opetusta. Perustason ammattip\u00e4tevyyskoulutus voidaan toteuttaa my\u00f6s nopeutettuna, jolloin koulutuksen kesto on 140 tuntia ja siit\u00e4 v\u00e4hint\u00e4\u00e4n 10 tuntia on oltava [&hellip;]<\/p>\n","protected":false},"author":1,"featured_media":0,"parent":0,"menu_order":0,"comment_status":"closed","ping_status":"closed","template":"","meta":{"footnotes":""},"class_list":["post-224","page","type-page","status-publish","hentry"],"jetpack_sharing_enabled":true,"_links":{"self":[{"href":"https:\/\/www.laihianautokoulu.fi\/index.php\/wp-json\/wp\/v2\/pages\/224","targetHints":{"allow":["GET"]}}],"collection":[{"href":"https:\/\/www.laihianautokoulu.fi\/index.php\/wp-json\/wp\/v2\/pages"}],"about":[{"href":"https:\/\/www.laihianautokoulu.fi\/index.php\/wp-json\/wp\/v2\/types\/page"}],"author":[{"embeddable":true,"href":"https:\/\/www.laihianautokoulu.fi\/index.php\/wp-json\/wp\/v2\/users\/1"}],"replies":[{"embeddable":true,"href":"https:\/\/www.laihianautokoulu.fi\/index.php\/wp-json\/wp\/v2\/comments?post=224"}],"version-history":[{"count":6,"href":"https:\/\/www.laihianautokoulu.fi\/index.php\/wp-json\/wp\/v2\/pages\/224\/revisions"}],"predecessor-version":[{"id":493,"href":"https:\/\/www.laihianautokoulu.fi\/index.php\/wp-json\/wp\/v2\/pages\/224\/revisions\/493"}],"wp:attachment":[{"href":"https:\/\/www.laihianautokoulu.fi\/index.php\/wp-json\/wp\/v2\/media?parent=224"}],"curies":[{"name":"wp","href":"https:\/\/api.w.org\/{rel}","templated":true}]}}