{"id":222,"date":"2024-10-31T11:25:42","date_gmt":"2024-10-31T11:25:42","guid":{"rendered":"https:\/\/www.laihianautokoulu.fi\/?page_id=222"},"modified":"2025-03-01T14:10:00","modified_gmt":"2025-03-01T14:10:00","slug":"linja-auto","status":"publish","type":"page","link":"https:\/\/www.laihianautokoulu.fi\/index.php\/linja-auto\/","title":{"rendered":"Linja-auto"},"content":{"rendered":"\n<div class=\"wp-block-group alignfull has-accent-2-background-color has-background has-global-padding is-layout-constrained wp-container-core-group-is-layout-669513ed wp-block-group-is-layout-constrained\" style=\"margin-top:0;margin-bottom:0;padding-top:var(--wp--preset--spacing--50);padding-right:var(--wp--preset--spacing--50);padding-bottom:var(--wp--preset--spacing--50);padding-left:var(--wp--preset--spacing--50)\">\n<div class=\"wp-block-columns alignwide is-layout-flex wp-container-core-columns-is-layout-28f84493 wp-block-columns-is-layout-flex\">\n<div class=\"wp-block-column is-layout-flow wp-block-column-is-layout-flow\" style=\"flex-basis:40%\">\n<p class=\"wp-container-content-0733e5d0\">Opetus<\/p>\n<\/div>\n\n\n\n<div class=\"wp-block-column is-layout-flow wp-block-column-is-layout-flow\" style=\"flex-basis:60%\">\n<p class=\"has-large-font-size\">Ik\u00e4vaatimus<\/p>\n\n\n\n<ul class=\"wp-block-list\">\n<li>24 vuotta tai<\/li>\n\n\n\n<li>23 vuotta ja 140h ammattip\u00e4tevyys tai<\/li>\n\n\n\n<li>21 vuotta ja 280h ammattip\u00e4tevyys<\/li>\n<\/ul>\n\n\n\n<p class=\"has-large-font-size\" style=\"line-height:1.2\">Teoriatunnit<\/p>\n\n\n\n<ul class=\"wp-block-list\">\n<li class=\"has-medium-font-size\">27h tai<\/li>\n\n\n\n<li class=\"has-medium-font-size\">15h jos aikaisempi C1 tai C ajokortti tai<\/li>\n\n\n\n<li class=\"has-medium-font-size\">6h jos aikaisempi D1 ajokortti tai<\/li>\n\n\n\n<li class=\"has-medium-font-size\">5h jos ammattip\u00e4tevyys ollut voimassa 1v<\/li>\n<\/ul>\n\n\n\n<p class=\"has-large-font-size\">Ajotunnit<\/p>\n\n\n\n<ul class=\"wp-block-list\">\n<li>40h tai<\/li>\n\n\n\n<li>30h jos aikaisempi C1 tai C ajokortti tai<\/li>\n\n\n\n<li>15h jos aikaisempi D1 ajokortti tai<\/li>\n\n\n\n<li>10h jos ammattip\u00e4tevyys ollut voimassa 1v<\/li>\n<\/ul>\n\n\n\n<p><\/p>\n\n\n\n<p><\/p>\n\n\n\n<p><strong>HUOMIO!<\/strong><\/p>\n\n\n\n<p>Ilman henkil\u00f6liikenteen ammattip\u00e4tevyytt\u00e4 et voi toimia linja-autonkuljettajana kuin muutamissa poikkeustapauksissa. Meill\u00e4 voit suorittaa my\u00f6s perustason ammattip\u00e4tevyyden ja ammattip\u00e4tevyyden jatkokoulutukset<\/p>\n<\/div>\n<\/div>\n\n\n\n<div style=\"height:var(--wp--preset--spacing--40)\" aria-hidden=\"true\" class=\"wp-block-spacer\"><\/div>\n\n\n\n<div class=\"wp-block-cover alignwide\" style=\"min-height:621px;aspect-ratio:unset;\"><span aria-hidden=\"true\" class=\"wp-block-cover__background has-background-dim\"><\/span><img loading=\"lazy\" decoding=\"async\" width=\"783\" height=\"1024\" class=\"wp-block-cover__image-background wp-image-327\" alt=\"\" src=\"https:\/\/www.laihianautokoulu.fi\/wp-content\/uploads\/2024\/11\/3AE1C0E5-C98C-4F46-83F1-869E0B1769D9-783x1024.jpg\" data-object-fit=\"cover\" srcset=\"https:\/\/www.laihianautokoulu.fi\/wp-content\/uploads\/2024\/11\/3AE1C0E5-C98C-4F46-83F1-869E0B1769D9-783x1024.jpg 783w, https:\/\/www.laihianautokoulu.fi\/wp-content\/uploads\/2024\/11\/3AE1C0E5-C98C-4F46-83F1-869E0B1769D9-229x300.jpg 229w, https:\/\/www.laihianautokoulu.fi\/wp-content\/uploads\/2024\/11\/3AE1C0E5-C98C-4F46-83F1-869E0B1769D9-768x1005.jpg 768w, https:\/\/www.laihianautokoulu.fi\/wp-content\/uploads\/2024\/11\/3AE1C0E5-C98C-4F46-83F1-869E0B1769D9.jpg 1024w\" sizes=\"auto, (max-width: 783px) 100vw, 783px\" \/><div class=\"wp-block-cover__inner-container is-layout-flow wp-block-cover-is-layout-flow\">\n<p class=\"has-text-align-center has-large-font-size\">Linja-auton kuljettaminen vaatii jatkuvaa tarkkaavaisuutta, koska kuljettajalla on vastuullaan matkustajien turvallisuus ja suurikokoinen ajoneuvo<\/p>\n<\/div><\/div>\n<\/div>\n\n\n\n<div class=\"wp-block-cover alignfull has-parallax\" style=\"padding-top:var(--wp--preset--spacing--50);padding-right:var(--wp--preset--spacing--50);padding-bottom:var(--wp--preset--spacing--50);padding-left:var(--wp--preset--spacing--50);min-height:243px;aspect-ratio:unset;\"><span aria-hidden=\"true\" class=\"wp-block-cover__background has-base-background-color has-background-dim-0 has-background-dim\"><\/span><div class=\"wp-block-cover__image-background wp-image-593 has-parallax\" style=\"background-position:50% 50%;background-image:url(https:\/\/www.laihianautokoulu.fi\/wp-content\/uploads\/2025\/03\/Aihe-kopio.png)\"><\/div><div class=\"wp-block-cover__inner-container has-global-padding is-layout-constrained wp-container-core-cover-is-layout-e4fd886c wp-block-cover-is-layout-constrained\">\n<div style=\"height:71px\" aria-hidden=\"true\" class=\"wp-block-spacer\"><\/div>\n<\/div><\/div>\n\n\n\n<div class=\"wp-block-group alignfull has-base-2-background-color has-background has-global-padding is-layout-constrained wp-container-core-group-is-layout-7cd14b77 wp-block-group-is-layout-constrained\" style=\"margin-top:0;margin-bottom:0;padding-top:var(--wp--preset--spacing--60);padding-right:var(--wp--preset--spacing--60);padding-bottom:var(--wp--preset--spacing--60);padding-left:var(--wp--preset--spacing--60)\">\n<div class=\"wp-block-group alignwide is-layout-flow wp-block-group-is-layout-flow\">\n<div style=\"height:var(--wp--preset--spacing--50)\" aria-hidden=\"true\" class=\"wp-block-spacer\"><\/div>\n\n\n\n<p class=\"has-text-align-center has-heading-font-family has-x-large-font-size\" style=\"font-style:normal;font-weight:400;line-height:1.2\">&#8221;Olipa tosi kiva juttu kun pystyi aloittamaan D-ajokortin suorittamisen samantien, eik\u00e4 tarvinnut odotella montaa kuukautta p\u00e4\u00e4sy\u00e4 julkisen puolen kursseille &#8221; Emmi 25v<\/p>\n\n\n\n<div style=\"height:var(--wp--preset--spacing--50)\" aria-hidden=\"true\" class=\"wp-block-spacer\"><\/div>\n<\/div>\n<\/div>\n","protected":false},"excerpt":{"rendered":"<p>Opetus Ik\u00e4vaatimus Teoriatunnit Ajotunnit HUOMIO! Ilman henkil\u00f6liikenteen ammattip\u00e4tevyytt\u00e4 et voi toimia linja-autonkuljettajana kuin muutamissa poikkeustapauksissa. Meill\u00e4 voit suorittaa my\u00f6s perustason ammattip\u00e4tevyyden ja ammattip\u00e4tevyyden jatkokoulutukset &#8221;Olipa tosi kiva juttu kun pystyi aloittamaan D-ajokortin suorittamisen samantien, eik\u00e4 tarvinnut odotella montaa kuukautta p\u00e4\u00e4sy\u00e4 julkisen puolen kursseille &#8221; Emmi 25v<\/p>\n","protected":false},"author":1,"featured_media":0,"parent":0,"menu_order":0,"comment_status":"closed","ping_status":"closed","template":"","meta":{"footnotes":""},"class_list":["post-222","page","type-page","status-publish","hentry"],"jetpack_sharing_enabled":true,"_links":{"self":[{"href":"https:\/\/www.laihianautokoulu.fi\/index.php\/wp-json\/wp\/v2\/pages\/222","targetHints":{"allow":["GET"]}}],"collection":[{"href":"https:\/\/www.laihianautokoulu.fi\/index.php\/wp-json\/wp\/v2\/pages"}],"about":[{"href":"https:\/\/www.laihianautokoulu.fi\/index.php\/wp-json\/wp\/v2\/types\/page"}],"author":[{"embeddable":true,"href":"https:\/\/www.laihianautokoulu.fi\/index.php\/wp-json\/wp\/v2\/users\/1"}],"replies":[{"embeddable":true,"href":"https:\/\/www.laihianautokoulu.fi\/index.php\/wp-json\/wp\/v2\/comments?post=222"}],"version-history":[{"count":11,"href":"https:\/\/www.laihianautokoulu.fi\/index.php\/wp-json\/wp\/v2\/pages\/222\/revisions"}],"predecessor-version":[{"id":721,"href":"https:\/\/www.laihianautokoulu.fi\/index.php\/wp-json\/wp\/v2\/pages\/222\/revisions\/721"}],"wp:attachment":[{"href":"https:\/\/www.laihianautokoulu.fi\/index.php\/wp-json\/wp\/v2\/media?parent=222"}],"curies":[{"name":"wp","href":"https:\/\/api.w.org\/{rel}","templated":true}]}}