{"id":220,"date":"2024-10-31T11:25:06","date_gmt":"2024-10-31T11:25:06","guid":{"rendered":"https:\/\/www.laihianautokoulu.fi\/?page_id=220"},"modified":"2026-04-07T06:43:13","modified_gmt":"2026-04-07T06:43:13","slug":"kuorma-auto","status":"publish","type":"page","link":"https:\/\/www.laihianautokoulu.fi\/index.php\/kuorma-auto\/","title":{"rendered":"Kuorma-auto"},"content":{"rendered":"\n<div class=\"wp-block-group alignfull has-accent-2-background-color has-background has-global-padding is-layout-constrained wp-container-core-group-is-layout-669513ed wp-block-group-is-layout-constrained\" style=\"margin-top:0;margin-bottom:0;padding-top:var(--wp--preset--spacing--50);padding-right:var(--wp--preset--spacing--50);padding-bottom:var(--wp--preset--spacing--50);padding-left:var(--wp--preset--spacing--50)\">\n<div class=\"wp-block-columns alignwide is-layout-flex wp-container-core-columns-is-layout-28f84493 wp-block-columns-is-layout-flex\">\n<div class=\"wp-block-column is-layout-flow wp-block-column-is-layout-flow\" style=\"flex-basis:40%\">\n<p class=\"wp-container-content-0733e5d0\"><strong>Kuorma-auto C<\/strong><\/p>\n<\/div>\n\n\n\n<div class=\"wp-block-column is-layout-flow wp-block-column-is-layout-flow\" style=\"flex-basis:60%\">\n<p class=\"has-heading-font-family has-large-font-size\" style=\"line-height:1.2\"><strong>Ik\u00e4vaatimus<\/strong><\/p>\n\n\n\n<p class=\"has-heading-font-family has-medium-font-size\" style=\"line-height:1.2\">C-luokassa 21 vuotta tai, jos henkil\u00f6ll\u00e4 on muu kuin nopeutetulla perustason ammattip\u00e4tevyyskoulutuksella saavutettu kuorma-auton kuljettajan perustason ammattip\u00e4tevyys, 18&nbsp;vuotta<\/p>\n\n\n\n<p class=\"has-heading-font-family has-medium-font-size\" style=\"line-height:1.2\">Aikaisempi ajo-oikeus oltava B<\/p>\n\n\n\n<p class=\"has-large-font-size\"><strong>Opetuspaketti<\/strong><\/p>\n\n\n\n<ul class=\"wp-block-list\">\n<li>Tunnukset teoriakoeharjoitteluun<\/li>\n\n\n\n<li>Lakis\u00e4\u00e4teinen oppilaskirjanpito<\/li>\n\n\n\n<li>Teoriaopetus 12 tuntia<\/li>\n\n\n\n<li>Ajo-opetus 10 tuntia<\/li>\n\n\n\n<li>Ajoneuvon k\u00e4ytt\u00f6 yhdess\u00e4 ajokokeessa<\/li>\n<\/ul>\n\n\n\n<p>Jos ajokorttia suorittavalla on 1.12.2018 j\u00e4lkeen my\u00f6nnetty C1-luokan ajo-oikeus opetusm\u00e4\u00e4r\u00e4t ovat 10h teoriaa ja 7h ajo-opetusta<\/p>\n\n\n\n<p>Jos ajokorttia suorittavalla on ennen 1.12.2018 my\u00f6nnetty C1-luokan ajo-oikeus opetusm\u00e4\u00e4r\u00e4t ovat 3h teoriaa ja 5h ajo-opetusta<\/p>\n\n\n\n<p>Jos ajokorttia suorittavalla on voimassa oleva kuorma- tai linja-auton kuljettajan ammattip\u00e4tevyys, teoriaopetuksen m\u00e4\u00e4r\u00e4 on 1h ja ajo-opetuksen 2h<\/p>\n<\/div>\n<\/div>\n\n\n\n<div style=\"height:var(--wp--preset--spacing--40)\" aria-hidden=\"true\" class=\"wp-block-spacer\"><\/div>\n\n\n\n<figure class=\"wp-block-image alignwide size-full is-style-rounded is-style-rounded--1\"><img loading=\"lazy\" decoding=\"async\" width=\"610\" height=\"409\" src=\"https:\/\/www.laihianautokoulu.fi\/wp-content\/uploads\/2024\/10\/57195EED-87EC-4C59-B531-9F4B71ECB92A_1_201_a-removebg-preview-1.jpg\" alt=\"\" class=\"wp-image-90\" srcset=\"https:\/\/www.laihianautokoulu.fi\/wp-content\/uploads\/2024\/10\/57195EED-87EC-4C59-B531-9F4B71ECB92A_1_201_a-removebg-preview-1.jpg 610w, https:\/\/www.laihianautokoulu.fi\/wp-content\/uploads\/2024\/10\/57195EED-87EC-4C59-B531-9F4B71ECB92A_1_201_a-removebg-preview-1-300x201.jpg 300w\" sizes=\"auto, (max-width: 610px) 100vw, 610px\" \/><\/figure>\n<\/div>\n\n\n\n<div class=\"wp-block-group alignfull has-accent-5-background-color has-background has-global-padding is-layout-constrained wp-container-core-group-is-layout-669513ed wp-block-group-is-layout-constrained\" style=\"margin-top:0;margin-bottom:0;padding-top:var(--wp--preset--spacing--50);padding-right:var(--wp--preset--spacing--50);padding-bottom:var(--wp--preset--spacing--50);padding-left:var(--wp--preset--spacing--50)\">\n<div class=\"wp-block-columns alignwide is-layout-flex wp-container-core-columns-is-layout-28f84493 wp-block-columns-is-layout-flex\">\n<div class=\"wp-block-column is-layout-flow wp-block-column-is-layout-flow\" style=\"flex-basis:40%\">\n<p class=\"wp-container-content-0733e5d0\"><strong>Kevyt kuorma-auto C1<\/strong><\/p>\n<\/div>\n\n\n\n<div class=\"wp-block-column is-layout-flow wp-block-column-is-layout-flow\" style=\"flex-basis:60%\">\n<p class=\"has-heading-font-family has-large-font-size\" style=\"line-height:1.2\"><strong>Ik\u00e4vaatimus<\/strong><\/p>\n\n\n\n<p class=\"has-heading-font-family has-medium-font-size\" style=\"line-height:1.2\">C-luokassa 18 vuotta<\/p>\n\n\n\n<p class=\"has-heading-font-family has-medium-font-size\" style=\"line-height:1.2\">Aikaisempi ajo-oikeus oltava B<\/p>\n\n\n\n<p class=\"has-large-font-size\"><strong>Opetuspaketti<\/strong><\/p>\n\n\n\n<ul class=\"wp-block-list\">\n<li>Tunnukset teoriakoeharjoitteluun<\/li>\n\n\n\n<li>Lakis\u00e4\u00e4teinen oppilaskirjanpito<\/li>\n\n\n\n<li>Teoriaopetus 2 tuntia<\/li>\n\n\n\n<li>Ajo-opetus 3 tuntia<\/li>\n\n\n\n<li>Ajoneuvon k\u00e4ytt\u00f6 yhdess\u00e4 ajokokeessa<\/li>\n<\/ul>\n<\/div>\n<\/div>\n\n\n\n<div style=\"height:var(--wp--preset--spacing--40)\" aria-hidden=\"true\" class=\"wp-block-spacer\"><\/div>\n\n\n\n<figure class=\"wp-block-image alignwide size-full is-style-rounded is-style-rounded--2\"><img loading=\"lazy\" decoding=\"async\" width=\"2560\" height=\"1920\" src=\"https:\/\/www.laihianautokoulu.fi\/wp-content\/uploads\/2025\/06\/IMG_0419-scaled.jpeg\" alt=\"\" class=\"wp-image-601\" srcset=\"https:\/\/www.laihianautokoulu.fi\/wp-content\/uploads\/2025\/06\/IMG_0419-scaled.jpeg 2560w, https:\/\/www.laihianautokoulu.fi\/wp-content\/uploads\/2025\/06\/IMG_0419-300x225.jpeg 300w, https:\/\/www.laihianautokoulu.fi\/wp-content\/uploads\/2025\/06\/IMG_0419-1024x768.jpeg 1024w, https:\/\/www.laihianautokoulu.fi\/wp-content\/uploads\/2025\/06\/IMG_0419-768x576.jpeg 768w, https:\/\/www.laihianautokoulu.fi\/wp-content\/uploads\/2025\/06\/IMG_0419-1536x1152.jpeg 1536w, https:\/\/www.laihianautokoulu.fi\/wp-content\/uploads\/2025\/06\/IMG_0419-2048x1536.jpeg 2048w\" sizes=\"auto, (max-width: 2560px) 100vw, 2560px\" \/><\/figure>\n<\/div>\n\n\n\n<div class=\"wp-block-group alignfull has-accent-4-background-color has-background has-global-padding is-layout-constrained wp-container-core-group-is-layout-669513ed wp-block-group-is-layout-constrained\" style=\"margin-top:0;margin-bottom:0;padding-top:var(--wp--preset--spacing--50);padding-right:var(--wp--preset--spacing--50);padding-bottom:var(--wp--preset--spacing--50);padding-left:var(--wp--preset--spacing--50)\">\n<div class=\"wp-block-columns alignwide is-layout-flex wp-container-core-columns-is-layout-28f84493 wp-block-columns-is-layout-flex\">\n<div class=\"wp-block-column is-layout-flow wp-block-column-is-layout-flow\" style=\"flex-basis:40%\">\n<p class=\"wp-container-content-0733e5d0\"><strong>Kevyt kuorma-autoyhdistelm\u00e4 C1E<\/strong><\/p>\n<\/div>\n\n\n\n<div class=\"wp-block-column is-layout-flow wp-block-column-is-layout-flow\" style=\"flex-basis:60%\">\n<p class=\"has-heading-font-family has-large-font-size\" style=\"line-height:1.2\"><strong>Ik\u00e4vaatimus<\/strong><\/p>\n\n\n\n<p class=\"has-heading-font-family has-medium-font-size\" style=\"line-height:1.2\">C-luokassa 18 vuotta<\/p>\n\n\n\n<p class=\"has-heading-font-family has-medium-font-size\" style=\"line-height:1.2\">Aikaisempi ajo-oikeus oltava C1 tai C<\/p>\n\n\n\n<p class=\"has-large-font-size\"><strong>Opetuspaketti<\/strong><\/p>\n\n\n\n<ul class=\"wp-block-list\">\n<li>Tunnukset teoriakoeharjoitteluun<\/li>\n\n\n\n<li>Lakis\u00e4\u00e4teinen oppilaskirjanpito<\/li>\n\n\n\n<li>Teoriaopetus 3 tuntia<\/li>\n\n\n\n<li>Ajo-opetus 3 tuntia<\/li>\n\n\n\n<li>Ajoneuvon k\u00e4ytt\u00f6 yhdess\u00e4 ajokokeessa<\/li>\n<\/ul>\n<\/div>\n<\/div>\n\n\n\n<div style=\"height:var(--wp--preset--spacing--40)\" aria-hidden=\"true\" class=\"wp-block-spacer\"><\/div>\n\n\n\n<figure class=\"wp-block-image alignwide size-full is-style-rounded is-style-rounded--3\"><img loading=\"lazy\" decoding=\"async\" width=\"2560\" height=\"1920\" src=\"https:\/\/www.laihianautokoulu.fi\/wp-content\/uploads\/2026\/04\/IMG_1956-scaled.jpeg\" alt=\"\" class=\"wp-image-723\" srcset=\"https:\/\/www.laihianautokoulu.fi\/wp-content\/uploads\/2026\/04\/IMG_1956-scaled.jpeg 2560w, https:\/\/www.laihianautokoulu.fi\/wp-content\/uploads\/2026\/04\/IMG_1956-300x225.jpeg 300w, https:\/\/www.laihianautokoulu.fi\/wp-content\/uploads\/2026\/04\/IMG_1956-1024x768.jpeg 1024w, https:\/\/www.laihianautokoulu.fi\/wp-content\/uploads\/2026\/04\/IMG_1956-768x576.jpeg 768w, https:\/\/www.laihianautokoulu.fi\/wp-content\/uploads\/2026\/04\/IMG_1956-1536x1152.jpeg 1536w, https:\/\/www.laihianautokoulu.fi\/wp-content\/uploads\/2026\/04\/IMG_1956-2048x1536.jpeg 2048w\" sizes=\"auto, (max-width: 2560px) 100vw, 2560px\" \/><\/figure>\n<\/div>\n\n\n\n<div class=\"wp-block-cover alignfull is-light has-parallax\" style=\"padding-top:var(--wp--preset--spacing--50);padding-right:var(--wp--preset--spacing--50);padding-bottom:var(--wp--preset--spacing--50);padding-left:var(--wp--preset--spacing--50);min-height:355px;aspect-ratio:unset;\"><div class=\"wp-block-cover__image-background wp-image-309 has-parallax\" style=\"background-position:50% 50%;background-image:url(https:\/\/www.laihianautokoulu.fi\/wp-content\/uploads\/2024\/11\/CDD72EF8-D9D9-4F68-9F39-AC7EA0FAB685.png)\"><\/div><span aria-hidden=\"true\" class=\"wp-block-cover__background has-base-background-color has-background-dim-0 has-background-dim\"><\/span><div class=\"wp-block-cover__inner-container has-global-padding is-layout-constrained wp-container-core-cover-is-layout-e4fd886c wp-block-cover-is-layout-constrained\">\n<div style=\"height:83px\" aria-hidden=\"true\" class=\"wp-block-spacer\"><\/div>\n<\/div><\/div>\n\n\n\n<div class=\"wp-block-group alignfull has-base-2-background-color has-background has-global-padding is-layout-constrained wp-container-core-group-is-layout-7cd14b77 wp-block-group-is-layout-constrained\" style=\"margin-top:0;margin-bottom:0;padding-top:var(--wp--preset--spacing--60);padding-right:var(--wp--preset--spacing--60);padding-bottom:var(--wp--preset--spacing--60);padding-left:var(--wp--preset--spacing--60)\">\n<div class=\"wp-block-group alignwide is-layout-flow wp-block-group-is-layout-flow\">\n<div style=\"height:var(--wp--preset--spacing--50)\" aria-hidden=\"true\" class=\"wp-block-spacer\"><\/div>\n\n\n\n<p class=\"has-text-align-center has-heading-font-family has-x-large-font-size\" style=\"font-style:normal;font-weight:400;line-height:1.2\">&#8221;Kuorma-autolla ajamisessa on huomioitava paitsi korkeus ja pituus, my\u00f6s ajoneuvon kokonaispaino, joka vaikuttaa esimerkiksi jarrutusmatkaan ja k\u00e4\u00e4ntymiseen&#8221; Antti-ope<\/p>\n\n\n\n<div style=\"height:var(--wp--preset--spacing--50)\" aria-hidden=\"true\" class=\"wp-block-spacer\"><\/div>\n<\/div>\n<\/div>\n","protected":false},"excerpt":{"rendered":"<p>Kuorma-auto C Ik\u00e4vaatimus C-luokassa 21 vuotta tai, jos henkil\u00f6ll\u00e4 on muu kuin nopeutetulla perustason ammattip\u00e4tevyyskoulutuksella saavutettu kuorma-auton kuljettajan perustason ammattip\u00e4tevyys, 18&nbsp;vuotta Aikaisempi ajo-oikeus oltava B Opetuspaketti Jos ajokorttia suorittavalla on 1.12.2018 j\u00e4lkeen my\u00f6nnetty C1-luokan ajo-oikeus opetusm\u00e4\u00e4r\u00e4t ovat 10h teoriaa ja 7h ajo-opetusta Jos ajokorttia suorittavalla on ennen 1.12.2018 my\u00f6nnetty C1-luokan ajo-oikeus opetusm\u00e4\u00e4r\u00e4t ovat 3h teoriaa [&hellip;]<\/p>\n","protected":false},"author":1,"featured_media":0,"parent":0,"menu_order":0,"comment_status":"closed","ping_status":"closed","template":"","meta":{"footnotes":""},"class_list":["post-220","page","type-page","status-publish","hentry"],"jetpack_sharing_enabled":true,"_links":{"self":[{"href":"https:\/\/www.laihianautokoulu.fi\/index.php\/wp-json\/wp\/v2\/pages\/220","targetHints":{"allow":["GET"]}}],"collection":[{"href":"https:\/\/www.laihianautokoulu.fi\/index.php\/wp-json\/wp\/v2\/pages"}],"about":[{"href":"https:\/\/www.laihianautokoulu.fi\/index.php\/wp-json\/wp\/v2\/types\/page"}],"author":[{"embeddable":true,"href":"https:\/\/www.laihianautokoulu.fi\/index.php\/wp-json\/wp\/v2\/users\/1"}],"replies":[{"embeddable":true,"href":"https:\/\/www.laihianautokoulu.fi\/index.php\/wp-json\/wp\/v2\/comments?post=220"}],"version-history":[{"count":9,"href":"https:\/\/www.laihianautokoulu.fi\/index.php\/wp-json\/wp\/v2\/pages\/220\/revisions"}],"predecessor-version":[{"id":725,"href":"https:\/\/www.laihianautokoulu.fi\/index.php\/wp-json\/wp\/v2\/pages\/220\/revisions\/725"}],"wp:attachment":[{"href":"https:\/\/www.laihianautokoulu.fi\/index.php\/wp-json\/wp\/v2\/media?parent=220"}],"curies":[{"name":"wp","href":"https:\/\/api.w.org\/{rel}","templated":true}]}}