{"id":165,"date":"2024-10-30T12:57:43","date_gmt":"2024-10-30T12:57:43","guid":{"rendered":"https:\/\/www.laihianautokoulu.fi\/?page_id=165"},"modified":"2025-02-26T07:27:43","modified_gmt":"2025-02-26T07:27:43","slug":"henkiloauto","status":"publish","type":"page","link":"https:\/\/www.laihianautokoulu.fi\/index.php\/henkiloauto\/","title":{"rendered":"Henkil\u00f6auto"},"content":{"rendered":"\n<div class=\"wp-block-cover alignfull is-light has-parallax has-large-font-size\" style=\"border-style:none;border-width:0px;margin-top:0;margin-bottom:0;padding-top:var(--wp--preset--spacing--50);padding-right:var(--wp--preset--spacing--50);padding-bottom:var(--wp--preset--spacing--50);padding-left:var(--wp--preset--spacing--50);min-height:199px;aspect-ratio:unset;\"><span aria-hidden=\"true\" class=\"wp-block-cover__background has-base-background-color has-background-dim-40 has-background-dim\"><\/span><div class=\"wp-block-cover__image-background wp-image-117 has-parallax\" style=\"background-position:50% 50%;background-image:url(https:\/\/www.laihianautokoulu.fi\/wp-content\/uploads\/2024\/10\/yaris.jpeg)\"><\/div><div class=\"wp-block-cover__inner-container has-global-padding is-layout-constrained wp-container-core-cover-is-layout-fdf6a232 wp-block-cover-is-layout-constrained\">\n<div style=\"height:7px\" aria-hidden=\"true\" class=\"wp-block-spacer\"><\/div>\n\n\n\n<h2 class=\"wp-block-heading has-text-align-center has-contrast-color has-text-color has-link-color wp-elements-c8664df4370e67130274c5249daccf00\"><strong>B ajo-oikeus<\/strong><\/h2>\n<\/div><\/div>\n\n\n\n<div class=\"wp-block-group alignfull has-base-2-background-color has-background has-global-padding is-layout-constrained wp-container-core-group-is-layout-669513ed wp-block-group-is-layout-constrained\" style=\"margin-top:0;margin-bottom:0;padding-top:var(--wp--preset--spacing--50);padding-right:var(--wp--preset--spacing--50);padding-bottom:var(--wp--preset--spacing--50);padding-left:var(--wp--preset--spacing--50)\">\n<div class=\"wp-block-columns alignwide is-layout-flex wp-container-core-columns-is-layout-28f84493 wp-block-columns-is-layout-flex\">\n<div class=\"wp-block-column is-layout-flow wp-block-column-is-layout-flow\" style=\"flex-basis:40%\">\n<p class=\"has-medium-font-size wp-container-content-0733e5d0\"><strong>Ik\u00e4vaatimus<\/strong><\/p>\n<\/div>\n\n\n\n<div class=\"wp-block-column is-layout-flow wp-block-column-is-layout-flow\" style=\"flex-basis:60%\">\n<p class=\"has-heading-font-family has-large-font-size\" style=\"line-height:1.2\">18 vuotta<\/p>\n\n\n\n<p class=\"has-heading-font-family has-large-font-size\" style=\"line-height:1.2\">Poikkeusluvan B-luokan ajo-oikeutta varten voi saada 17-vuotiaana. Luvan voi saada vain jos siihen on erityisi\u00e4 syit\u00e4. Luvan my\u00f6nt\u00e4\u00e4 traficom<\/p>\n<\/div>\n<\/div>\n\n\n\n<div style=\"height:var(--wp--preset--spacing--40)\" aria-hidden=\"true\" class=\"wp-block-spacer\"><\/div>\n<\/div>\n\n\n\n<div class=\"wp-block-group alignfull has-accent-2-background-color has-background has-global-padding is-layout-constrained wp-container-core-group-is-layout-669513ed wp-block-group-is-layout-constrained\" style=\"margin-top:0;margin-bottom:0;padding-top:var(--wp--preset--spacing--50);padding-right:var(--wp--preset--spacing--50);padding-bottom:var(--wp--preset--spacing--50);padding-left:var(--wp--preset--spacing--50)\">\n<div class=\"wp-block-columns alignwide is-layout-flex wp-container-core-columns-is-layout-28f84493 wp-block-columns-is-layout-flex\">\n<div class=\"wp-block-column is-layout-flow wp-block-column-is-layout-flow\" style=\"flex-basis:40%\">\n<p class=\"has-medium-font-size wp-container-content-0733e5d0\"><strong>MINI-opetuspaketti<\/strong><\/p>\n<\/div>\n\n\n\n<div class=\"wp-block-column is-layout-flow wp-block-column-is-layout-flow\" style=\"flex-basis:60%\">\n<p class=\"has-heading-font-family has-large-font-size\" style=\"line-height:1.2\">Ensimm\u00e4ist\u00e4 ajokorttia suorittavan teoriaopetus (EAS-koulutus) 4h<\/p>\n\n\n\n<p class=\"has-heading-font-family has-large-font-size\" style=\"line-height:1.2\">Lakis\u00e4\u00e4teinen oppilaskirjanpito<\/p>\n\n\n\n<p class=\"has-heading-font-family has-large-font-size\" style=\"line-height:1.2\">Tunnukset teoriakoeharjoitteluun<\/p>\n\n\n\n<p class=\"has-heading-font-family has-large-font-size\" style=\"line-height:1.2\">Ajo-opetus 10h, puolet simulaattorilla<\/p>\n\n\n\n<p class=\"has-heading-font-family has-large-font-size\" style=\"line-height:1.2\">Riskikoulutus, ajo-opetus 4h ja teoriaopetus 4h<\/p>\n\n\n\n<p class=\"has-heading-font-family has-large-font-size\" style=\"line-height:1.2\">Vienti ajokokeeseen ja ajoneuvon k\u00e4ytt\u00f6 1.ajokokeessa<\/p>\n<\/div>\n<\/div>\n\n\n\n<div style=\"height:var(--wp--preset--spacing--40)\" aria-hidden=\"true\" class=\"wp-block-spacer\"><\/div>\n<\/div>\n\n\n\n<div style=\"height:46px\" aria-hidden=\"true\" class=\"wp-block-spacer\"><\/div>\n\n\n\n<div class=\"wp-block-group alignfull has-large-font-size wp-container-content-0733e5d0 has-global-padding is-layout-constrained wp-block-group-is-layout-constrained\">\n<div class=\"wp-block-columns alignwide is-layout-flex wp-container-core-columns-is-layout-28f84493 wp-block-columns-is-layout-flex\">\n<div class=\"wp-block-column is-layout-flow wp-block-column-is-layout-flow\" style=\"flex-basis:40%\">\n<p class=\"has-medium-font-size wp-container-content-0733e5d0\"><strong>PERUS-opetuspaketti<\/strong><\/p>\n<\/div>\n\n\n\n<div class=\"wp-block-column is-layout-flow wp-block-column-is-layout-flow\" style=\"flex-basis:60%\">\n<p class=\"has-heading-font-family has-large-font-size\" style=\"line-height:1.2\">Ensimm\u00e4ist\u00e4 ajokorttia suorittavan teoriaopetus (EAS-koulutus) 4h<\/p>\n\n\n\n<p class=\"has-heading-font-family has-large-font-size\" style=\"line-height:1.2\">Lakis\u00e4\u00e4teinen oppilaskirjanpito<\/p>\n\n\n\n<p class=\"has-heading-font-family has-large-font-size\" style=\"line-height:1.2\">Tunnukset teoriakoeharjoitteluun<\/p>\n\n\n\n<p class=\"has-heading-font-family has-large-font-size\" style=\"line-height:1.2\">Ajo-opetus 10h oikealla autolla<\/p>\n\n\n\n<p class=\"has-heading-font-family has-large-font-size\" style=\"line-height:1.2\">Riskikoulutus, ajo-opetus 4h ja teoriaopetus 4h<\/p>\n\n\n\n<p class=\"has-heading-font-family has-large-font-size\" style=\"line-height:1.2\">Vienti ajokokeeseen ja ajoneuvon k\u00e4ytt\u00f6 1.ajokokeessa<\/p>\n<\/div>\n<\/div>\n\n\n\n<div style=\"height:var(--wp--preset--spacing--40)\" aria-hidden=\"true\" class=\"wp-block-spacer\"><\/div>\n<\/div>\n\n\n\n<div class=\"wp-block-group alignfull has-accent-2-background-color has-background has-global-padding is-layout-constrained wp-container-core-group-is-layout-669513ed wp-block-group-is-layout-constrained\" style=\"margin-top:0;margin-bottom:0;padding-top:var(--wp--preset--spacing--50);padding-right:var(--wp--preset--spacing--50);padding-bottom:var(--wp--preset--spacing--50);padding-left:var(--wp--preset--spacing--50)\">\n<div class=\"wp-block-columns alignwide is-layout-flex wp-container-core-columns-is-layout-28f84493 wp-block-columns-is-layout-flex\">\n<div class=\"wp-block-column is-layout-flow wp-block-column-is-layout-flow\" style=\"flex-basis:40%\">\n<p class=\"has-medium-font-size wp-container-content-0733e5d0\"><strong>LAATU-opetuspaketti<\/strong><\/p>\n<\/div>\n\n\n\n<div class=\"wp-block-column is-layout-flow wp-block-column-is-layout-flow\" style=\"flex-basis:60%\">\n<p class=\"has-heading-font-family has-large-font-size\" style=\"line-height:1.2\">Ensimm\u00e4ist\u00e4 ajokorttia suorittavan teoriaopetus (EAS-koulutus) 4h<\/p>\n\n\n\n<p class=\"has-heading-font-family has-large-font-size\" style=\"line-height:1.2\">Lakis\u00e4\u00e4teinen oppilaskirjanpito<\/p>\n\n\n\n<p class=\"has-heading-font-family has-large-font-size\" style=\"line-height:1.2\">Tunnukset teoriakoeharjoitteluun ja oppimisymp\u00e4rist\u00f6\u00f6n<\/p>\n\n\n\n<p class=\"has-heading-font-family has-large-font-size\">Oppimisymp\u00e4rist\u00f6<\/p>\n\n\n\n<p class=\"has-heading-font-family has-large-font-size\">Oppikirja<\/p>\n\n\n\n<p class=\"has-heading-font-family has-large-font-size\" style=\"line-height:1.2\">Ajo-opetus 17h oikealla autolla<\/p>\n\n\n\n<p class=\"has-heading-font-family has-large-font-size\" style=\"line-height:1.2\">Riskikoulutus, ajo-opetus 4h ja teoriaopetus 4h<\/p>\n\n\n\n<p class=\"has-heading-font-family has-large-font-size\" style=\"line-height:1.2\">Vienti ajokokeeseen ja ajoneuvon k\u00e4ytt\u00f6 1.ajokokeessa<\/p>\n<\/div>\n<\/div>\n\n\n\n<div style=\"height:var(--wp--preset--spacing--40)\" aria-hidden=\"true\" class=\"wp-block-spacer\"><\/div>\n<\/div>\n\n\n\n<div class=\"wp-block-group alignfull has-base-2-background-color has-background has-global-padding is-layout-constrained wp-container-core-group-is-layout-7cd14b77 wp-block-group-is-layout-constrained\" style=\"margin-top:0;margin-bottom:0;padding-top:var(--wp--preset--spacing--60);padding-right:var(--wp--preset--spacing--60);padding-bottom:var(--wp--preset--spacing--60);padding-left:var(--wp--preset--spacing--60);background-image:url(&apos;https:\/\/www.laihianautokoulu.fi\/wp-content\/uploads\/2024\/10\/IMG_7837.png&apos;);background-position:50% 50%;background-repeat:no-repeat;background-size:contain;\">\n<div class=\"wp-block-group alignwide is-layout-flow wp-block-group-is-layout-flow\">\n<div style=\"height:var(--wp--preset--spacing--50)\" aria-hidden=\"true\" class=\"wp-block-spacer\"><\/div>\n\n\n\n<div style=\"margin-top:0;margin-bottom:0;height:var(--wp--preset--spacing--50)\" aria-hidden=\"true\" class=\"wp-block-spacer\"><\/div>\n<\/div>\n<\/div>\n\n\n\n<p class=\"has-text-align-center has-contrast-color has-text-color has-link-color has-heading-font-family has-large-font-size wp-elements-d0d95d3f5b958abef98ef153e1967bc2\" style=\"font-style:normal;font-weight:400;line-height:1.2\">&#8221;<strong>Autokoulu on mukava ja opettavainen kokemus, sill\u00e4 siell\u00e4 oppii monia t\u00e4rkeit\u00e4 asioita&#8221;<\/strong><\/p>\n","protected":false},"excerpt":{"rendered":"<p>Ik\u00e4vaatimus 18 vuotta Poikkeusluvan B-luokan ajo-oikeutta varten voi saada 17-vuotiaana. Luvan voi saada vain jos siihen on erityisi\u00e4 syit\u00e4. Luvan my\u00f6nt\u00e4\u00e4 traficom MINI-opetuspaketti Ensimm\u00e4ist\u00e4 ajokorttia suorittavan teoriaopetus (EAS-koulutus) 4h Lakis\u00e4\u00e4teinen oppilaskirjanpito Tunnukset teoriakoeharjoitteluun Ajo-opetus 10h, puolet simulaattorilla Riskikoulutus, ajo-opetus 4h ja teoriaopetus 4h Vienti ajokokeeseen ja ajoneuvon k\u00e4ytt\u00f6 1.ajokokeessa PERUS-opetuspaketti Ensimm\u00e4ist\u00e4 ajokorttia suorittavan teoriaopetus (EAS-koulutus) [&hellip;]<\/p>\n","protected":false},"author":1,"featured_media":0,"parent":0,"menu_order":0,"comment_status":"closed","ping_status":"closed","template":"","meta":{"footnotes":""},"class_list":["post-165","page","type-page","status-publish","hentry"],"jetpack_sharing_enabled":true,"_links":{"self":[{"href":"https:\/\/www.laihianautokoulu.fi\/index.php\/wp-json\/wp\/v2\/pages\/165","targetHints":{"allow":["GET"]}}],"collection":[{"href":"https:\/\/www.laihianautokoulu.fi\/index.php\/wp-json\/wp\/v2\/pages"}],"about":[{"href":"https:\/\/www.laihianautokoulu.fi\/index.php\/wp-json\/wp\/v2\/types\/page"}],"author":[{"embeddable":true,"href":"https:\/\/www.laihianautokoulu.fi\/index.php\/wp-json\/wp\/v2\/users\/1"}],"replies":[{"embeddable":true,"href":"https:\/\/www.laihianautokoulu.fi\/index.php\/wp-json\/wp\/v2\/comments?post=165"}],"version-history":[{"count":18,"href":"https:\/\/www.laihianautokoulu.fi\/index.php\/wp-json\/wp\/v2\/pages\/165\/revisions"}],"predecessor-version":[{"id":576,"href":"https:\/\/www.laihianautokoulu.fi\/index.php\/wp-json\/wp\/v2\/pages\/165\/revisions\/576"}],"wp:attachment":[{"href":"https:\/\/www.laihianautokoulu.fi\/index.php\/wp-json\/wp\/v2\/media?parent=165"}],"curies":[{"name":"wp","href":"https:\/\/api.w.org\/{rel}","templated":true}]}}