{"id":140,"date":"2024-10-28T12:28:18","date_gmt":"2024-10-28T12:28:18","guid":{"rendered":"https:\/\/www.laihianautokoulu.fi\/?page_id=140"},"modified":"2025-06-24T05:58:08","modified_gmt":"2025-06-24T05:58:08","slug":"moottoripyora","status":"publish","type":"page","link":"https:\/\/www.laihianautokoulu.fi\/index.php\/moottoripyora\/","title":{"rendered":"Moottoripy\u00f6r\u00e4"},"content":{"rendered":"\n<div class=\"wp-block-group alignfull has-global-padding is-layout-constrained wp-block-group-is-layout-constrained\">\n<div class=\"wp-block-group alignfull has-accent-2-background-color has-background has-global-padding is-layout-constrained wp-container-core-group-is-layout-669513ed wp-block-group-is-layout-constrained\" style=\"margin-top:0;margin-bottom:0;padding-top:var(--wp--preset--spacing--50);padding-right:var(--wp--preset--spacing--50);padding-bottom:var(--wp--preset--spacing--50);padding-left:var(--wp--preset--spacing--50)\">\n<div class=\"wp-block-columns alignwide is-layout-flex wp-container-core-columns-is-layout-28f84493 wp-block-columns-is-layout-flex\">\n<div class=\"wp-block-column is-layout-flow wp-block-column-is-layout-flow\" style=\"flex-basis:40%\">\n<p class=\"has-x-large-font-size wp-container-content-0733e5d0\"><strong>A1-luokka<\/strong><\/p>\n<\/div>\n\n\n\n<div class=\"wp-block-column is-layout-flow wp-block-column-is-layout-flow\" style=\"flex-basis:60%\">\n<p class=\"has-large-font-size\">Ik\u00e4vaatimus 16 vuotta<\/p>\n\n\n\n<p class=\"has-heading-font-family has-large-font-size\" style=\"line-height:1.2\">Moottoripy\u00f6r\u00e4t, joiden sylinteritilavuus on enint\u00e4\u00e4n 125 cm3<\/p>\n\n\n\n<p class=\"has-heading-font-family has-large-font-size\" style=\"line-height:1.2\">Enimm\u00e4isteho 11 kW ja teho\/painosuhde enint\u00e4\u00e4n 0,1 kW\/kg;<\/p>\n\n\n\n<p class=\"has-heading-font-family has-large-font-size\" style=\"line-height:1.2\">A1-luokan ajo-oikeus sis\u00e4lt\u00e4\u00e4 my\u00f6s AM- ja T-luokan ajo-oikeuden<\/p>\n<\/div>\n<\/div>\n\n\n\n<figure class=\"wp-block-image size-full\"><img loading=\"lazy\" decoding=\"async\" width=\"604\" height=\"413\" src=\"https:\/\/www.laihianautokoulu.fi\/wp-content\/uploads\/2024\/10\/cfc6f2b5f3dd318ba72883f734f14089-removebg-preview.png\" alt=\"\" class=\"wp-image-143\" srcset=\"https:\/\/www.laihianautokoulu.fi\/wp-content\/uploads\/2024\/10\/cfc6f2b5f3dd318ba72883f734f14089-removebg-preview.png 604w, https:\/\/www.laihianautokoulu.fi\/wp-content\/uploads\/2024\/10\/cfc6f2b5f3dd318ba72883f734f14089-removebg-preview-300x205.png 300w\" sizes=\"auto, (max-width: 604px) 100vw, 604px\" \/><figcaption class=\"wp-element-caption\">KTM 125 DUKE<\/figcaption><\/figure>\n<\/div>\n<\/div>\n\n\n\n<div class=\"wp-block-group alignfull has-base-background-color has-background has-global-padding is-layout-constrained wp-container-core-group-is-layout-d89aad35 wp-block-group-is-layout-constrained\" style=\"margin-top:0;margin-bottom:0;padding-top:var(--wp--preset--spacing--50);padding-right:var(--wp--preset--spacing--50);padding-bottom:var(--wp--preset--spacing--50);padding-left:var(--wp--preset--spacing--50)\">\n<div class=\"wp-block-columns alignwide is-layout-flex wp-container-core-columns-is-layout-549b0c86 wp-block-columns-is-layout-flex\">\n<div class=\"wp-block-column has-global-padding is-content-justification-left is-layout-constrained wp-container-core-column-is-layout-4f15e8fe wp-block-column-is-layout-constrained\" style=\"flex-basis:40%\">\n<p class=\"has-x-large-font-size\"><strong>A2-luokka<\/strong><\/p>\n<\/div>\n\n\n\n<div class=\"wp-block-column is-layout-flow wp-container-core-column-is-layout-119bc444 wp-block-column-is-layout-flow\" style=\"flex-basis:60%\">\n<p class=\"has-heading-font-family has-large-font-size\">Ik\u00e4vaatimus 18 vuotta<\/p>\n\n\n\n<p class=\"has-heading-font-family has-large-font-size\" style=\"line-height:1.2\">Moottoripy\u00f6r\u00e4t, joiden enimm\u00e4isteho on 35 kW<\/p>\n\n\n\n<p class=\"has-heading-font-family has-large-font-size\" style=\"line-height:1.2\">Teho\/painosuhde enint\u00e4\u00e4n 0,2 kW\/kg ja joita ei ole muunnettu ajoneuvosta, jonka teho on yli kaksi kertaa suurempi;<\/p>\n\n\n\n<p class=\"has-heading-font-family has-large-font-size\" style=\"line-height:1.2\">A2-luokan ajo-oikeus sis\u00e4lt\u00e4\u00e4 my\u00f6s A1-, AM- ja T-luokan ajo-oikeuden<\/p>\n<\/div>\n<\/div>\n\n\n\n<figure class=\"wp-block-image size-full is-resized\"><img loading=\"lazy\" decoding=\"async\" width=\"612\" height=\"408\" src=\"https:\/\/www.laihianautokoulu.fi\/wp-content\/uploads\/2024\/10\/340767_390-Duke-INDIA-2020-ALL-OVER-THE-WORLD-2021-removebg-preview.png\" alt=\"\" class=\"wp-image-67\" style=\"width:717px;height:auto\" srcset=\"https:\/\/www.laihianautokoulu.fi\/wp-content\/uploads\/2024\/10\/340767_390-Duke-INDIA-2020-ALL-OVER-THE-WORLD-2021-removebg-preview.png 612w, https:\/\/www.laihianautokoulu.fi\/wp-content\/uploads\/2024\/10\/340767_390-Duke-INDIA-2020-ALL-OVER-THE-WORLD-2021-removebg-preview-300x200.png 300w\" sizes=\"auto, (max-width: 612px) 100vw, 612px\" \/><figcaption class=\"wp-element-caption\">KTM 390 DUKE<\/figcaption><\/figure>\n<\/div>\n\n\n\n<div class=\"wp-block-cover alignfull is-light has-parallax\" style=\"padding-top:var(--wp--preset--spacing--50);padding-right:var(--wp--preset--spacing--50);padding-bottom:var(--wp--preset--spacing--50);padding-left:var(--wp--preset--spacing--50);min-height:322px;aspect-ratio:unset;\"><div class=\"wp-block-cover__image-background wp-image-141 has-parallax\" style=\"background-position:50% 10%;background-image:url(https:\/\/www.laihianautokoulu.fi\/wp-content\/uploads\/2024\/10\/36B36451-7516-40E6-BF04-FDA61D832675.jpg)\"><\/div><span aria-hidden=\"true\" class=\"wp-block-cover__background has-base-background-color has-background-dim-0 has-background-dim\"><\/span><div class=\"wp-block-cover__inner-container has-global-padding is-layout-constrained wp-container-core-cover-is-layout-e4fd886c wp-block-cover-is-layout-constrained\">\n<div style=\"height:166px\" aria-hidden=\"true\" class=\"wp-block-spacer\"><\/div>\n<\/div><\/div>\n\n\n\n<div class=\"wp-block-group alignfull has-accent-2-background-color has-background has-global-padding is-layout-constrained wp-container-core-group-is-layout-d89aad35 wp-block-group-is-layout-constrained\" style=\"margin-top:0;margin-bottom:0;padding-top:var(--wp--preset--spacing--50);padding-right:var(--wp--preset--spacing--50);padding-bottom:var(--wp--preset--spacing--50);padding-left:var(--wp--preset--spacing--50)\">\n<div class=\"wp-block-columns alignwide is-layout-flex wp-container-core-columns-is-layout-549b0c86 wp-block-columns-is-layout-flex\">\n<div class=\"wp-block-column has-global-padding is-content-justification-left is-layout-constrained wp-container-core-column-is-layout-4f15e8fe wp-block-column-is-layout-constrained\" style=\"flex-basis:40%\">\n<p class=\"has-x-large-font-size\"><strong>A-luokka<\/strong><\/p>\n<\/div>\n\n\n\n<div class=\"wp-block-column is-layout-flow wp-container-core-column-is-layout-119bc444 wp-block-column-is-layout-flow\" style=\"flex-basis:60%\">\n<p class=\"has-heading-font-family has-large-font-size\">Ik\u00e4vaatimus 24 vuotta tai 20 vuotta jos henkil\u00f6ll\u00e4 on ollut A2-luokan ajo-oikeus v\u00e4hint\u00e4\u00e4n 2 vuotta<\/p>\n\n\n\n<p class=\"has-large-font-size\">Ei teho- eik\u00e4 kuutiorajoitusta<\/p>\n\n\n\n<p class=\"has-heading-font-family has-large-font-size\" style=\"line-height:1.2\">A-luokan ajo-oikeus sis\u00e4lt\u00e4\u00e4 my\u00f6s A1, A2, AM- ja T-luokan ajo-oikeuden<\/p>\n<\/div>\n<\/div>\n\n\n\n<figure class=\"wp-block-image size-full\"><img loading=\"lazy\" decoding=\"async\" width=\"577\" height=\"433\" src=\"https:\/\/www.laihianautokoulu.fi\/wp-content\/uploads\/2025\/06\/Z650.png\" alt=\"\" class=\"wp-image-608\" srcset=\"https:\/\/www.laihianautokoulu.fi\/wp-content\/uploads\/2025\/06\/Z650.png 577w, https:\/\/www.laihianautokoulu.fi\/wp-content\/uploads\/2025\/06\/Z650-300x225.png 300w\" sizes=\"auto, (max-width: 577px) 100vw, 577px\" \/><figcaption class=\"wp-element-caption\">Kawasaki Z650<\/figcaption><\/figure>\n<\/div>\n\n\n\n<h2 class=\"wp-block-heading is-style-default\">Opetuspaketit<\/h2>\n\n\n\n<div style=\"height:38px\" aria-hidden=\"true\" class=\"wp-block-spacer\"><\/div>\n\n\n\n<div class=\"wp-block-columns is-layout-flex wp-container-core-columns-is-layout-28f84493 wp-block-columns-is-layout-flex\">\n<div class=\"wp-block-column is-layout-flow wp-block-column-is-layout-flow\">\n<h2 class=\"wp-block-heading has-accent-5-background-color has-background has-medium-font-size\">PERUS-paketti<\/h2>\n<\/div>\n<\/div>\n\n\n\n<div class=\"wp-block-columns is-layout-flex wp-container-core-columns-is-layout-28f84493 wp-block-columns-is-layout-flex\">\n<div class=\"wp-block-column is-layout-flow wp-block-column-is-layout-flow\">\n<ul class=\"wp-block-list has-accent-5-background-color has-background\">\n<li>Ensimm\u00e4ist\u00e4 ajokorttia suorittavan teoriaopetus (EAS-koulutus) 4h<\/li>\n\n\n\n<li>Lakis\u00e4\u00e4teinen oppilaskirjanpito<\/li>\n\n\n\n<li>Tunnukset teoriakoeharjoitteluun ja oppimisymp\u00e4rist\u00f6\u00f6n<\/li>\n\n\n\n<li>Ajo-opetus 5h<\/li>\n\n\n\n<li>Hyv\u00e4ksytyt ajovarusteet ajotunneille ja tutkintoon<\/li>\n\n\n\n<li>Ajoneuvon k\u00e4ytt\u00f6 1.k\u00e4sittely- ja ajokokeessa<\/li>\n<\/ul>\n\n\n\n<div style=\"height:48px\" aria-hidden=\"true\" class=\"wp-block-spacer\"><\/div>\n<\/div>\n<\/div>\n\n\n\n<div class=\"wp-block-columns is-layout-flex wp-container-core-columns-is-layout-28f84493 wp-block-columns-is-layout-flex\">\n<div class=\"wp-block-column is-layout-flow wp-block-column-is-layout-flow\">\n<h2 class=\"wp-block-heading has-accent-5-background-color has-background has-medium-font-size\">LAATU-paketti<\/h2>\n<\/div>\n<\/div>\n\n\n\n<div class=\"wp-block-columns is-layout-flex wp-container-core-columns-is-layout-28f84493 wp-block-columns-is-layout-flex\">\n<div class=\"wp-block-column is-layout-flow wp-block-column-is-layout-flow\">\n<ul class=\"wp-block-list has-accent-5-background-color has-background\">\n<li>Ensimm\u00e4ist\u00e4 ajokorttia suorittavan teoriaopetus (EAS-koulutus) 4h<\/li>\n\n\n\n<li>Lakis\u00e4\u00e4teinen oppilaskirjanpito<\/li>\n\n\n\n<li>Oppikirja s\u00e4hk\u00f6inen<\/li>\n\n\n\n<li>Tunnukset teoriakoeharjoitteluun ja oppimisymp\u00e4rist\u00f6\u00f6n<\/li>\n\n\n\n<li>Ajo-opetus 10h<\/li>\n\n\n\n<li>Hyv\u00e4ksytyt ajovarusteet ajotunneille ja tutkintoon<\/li>\n\n\n\n<li>Ajoneuvon k\u00e4ytt\u00f6 1.k\u00e4sittely- ja ajokokeessa<\/li>\n<\/ul>\n<\/div>\n<\/div>\n\n\n\n<div style=\"height:22px\" aria-hidden=\"true\" class=\"wp-block-spacer\"><\/div>\n\n\n\n<div class=\"wp-block-group alignfull has-accent-2-background-color has-background has-global-padding is-layout-constrained wp-container-core-group-is-layout-d89aad35 wp-block-group-is-layout-constrained\" style=\"margin-top:0;margin-bottom:0;padding-top:var(--wp--preset--spacing--50);padding-right:var(--wp--preset--spacing--50);padding-bottom:var(--wp--preset--spacing--50);padding-left:var(--wp--preset--spacing--50)\">\n<div class=\"wp-block-columns alignwide is-layout-flex wp-container-core-columns-is-layout-549b0c86 wp-block-columns-is-layout-flex\">\n<div class=\"wp-block-column has-global-padding is-content-justification-left is-layout-constrained wp-container-core-column-is-layout-4f15e8fe wp-block-column-is-layout-constrained\" style=\"flex-basis:40%\">\n<p class=\"has-medium-font-size\"><strong>Moottoripy\u00f6r\u00e4n ajokortin korottaminen koulutuksella<\/strong><\/p>\n\n\n\n<p class=\"has-medium-font-size\"><strong>HUOM! ei teoria- eik\u00e4 ajokoetta<\/strong><\/p>\n<\/div>\n\n\n\n<div class=\"wp-block-column is-layout-flow wp-container-core-column-is-layout-119bc444 wp-block-column-is-layout-flow\" style=\"flex-basis:60%\">\n<p class=\"has-heading-font-family has-large-font-size\">Kaksi vuotta aikaisemmin saadun moottoripy\u00f6r\u00e4n<\/p>\n\n\n\n<ul class=\"wp-block-list\">\n<li>A1-luokan ajo-oikeus voidaan korottaa A2-luokkaan<\/li>\n\n\n\n<li>A2-luokan ajo-oikeus voidaan korottaa A-luokkaan <\/li>\n<\/ul>\n\n\n\n<p class=\"has-heading-font-family has-large-font-size\">Opetus<\/p>\n\n\n\n<ul class=\"wp-block-list\">\n<li>kaksi tuntia teoriaopetusta<\/li>\n\n\n\n<li>viisi tuntia ajo-opetusta<\/li>\n<\/ul>\n\n\n\n<p class=\"has-heading-font-family has-large-font-size\">Koulutus on ajokortin my\u00f6nt\u00e4misen edellytyksen\u00e4<\/p>\n<\/div>\n<\/div>\n<\/div>\n\n\n\n<div class=\"wp-block-cover alignfull is-light has-parallax is-repeated\" style=\"padding-top:var(--wp--preset--spacing--50);padding-right:var(--wp--preset--spacing--50);padding-bottom:var(--wp--preset--spacing--50);padding-left:var(--wp--preset--spacing--50);min-height:483px;aspect-ratio:unset;\"><div class=\"wp-block-cover__image-background wp-image-33 has-parallax is-repeated\" style=\"background-position:50% 50%;background-image:url(https:\/\/www.laihianautokoulu.fi\/wp-content\/uploads\/2024\/10\/340767_390-Duke-INDIA-2020-ALL-OVER-THE-WORLD-2021.jpg)\"><\/div><span aria-hidden=\"true\" class=\"wp-block-cover__background has-base-background-color has-background-dim-0 has-background-dim\"><\/span><div class=\"wp-block-cover__inner-container has-global-padding is-layout-constrained wp-container-core-cover-is-layout-e4fd886c wp-block-cover-is-layout-constrained\">\n<div style=\"height:50px\" aria-hidden=\"true\" class=\"wp-block-spacer\"><\/div>\n<\/div><\/div>\n","protected":false},"excerpt":{"rendered":"<p>A1-luokka Ik\u00e4vaatimus 16 vuotta Moottoripy\u00f6r\u00e4t, joiden sylinteritilavuus on enint\u00e4\u00e4n 125 cm3 Enimm\u00e4isteho 11 kW ja teho\/painosuhde enint\u00e4\u00e4n 0,1 kW\/kg; A1-luokan ajo-oikeus sis\u00e4lt\u00e4\u00e4 my\u00f6s AM- ja T-luokan ajo-oikeuden A2-luokka Ik\u00e4vaatimus 18 vuotta Moottoripy\u00f6r\u00e4t, joiden enimm\u00e4isteho on 35 kW Teho\/painosuhde enint\u00e4\u00e4n 0,2 kW\/kg ja joita ei ole muunnettu ajoneuvosta, jonka teho on yli kaksi kertaa suurempi; A2-luokan [&hellip;]<\/p>\n","protected":false},"author":1,"featured_media":0,"parent":0,"menu_order":0,"comment_status":"closed","ping_status":"closed","template":"","meta":{"footnotes":""},"class_list":["post-140","page","type-page","status-publish","hentry"],"jetpack_sharing_enabled":true,"_links":{"self":[{"href":"https:\/\/www.laihianautokoulu.fi\/index.php\/wp-json\/wp\/v2\/pages\/140","targetHints":{"allow":["GET"]}}],"collection":[{"href":"https:\/\/www.laihianautokoulu.fi\/index.php\/wp-json\/wp\/v2\/pages"}],"about":[{"href":"https:\/\/www.laihianautokoulu.fi\/index.php\/wp-json\/wp\/v2\/types\/page"}],"author":[{"embeddable":true,"href":"https:\/\/www.laihianautokoulu.fi\/index.php\/wp-json\/wp\/v2\/users\/1"}],"replies":[{"embeddable":true,"href":"https:\/\/www.laihianautokoulu.fi\/index.php\/wp-json\/wp\/v2\/comments?post=140"}],"version-history":[{"count":16,"href":"https:\/\/www.laihianautokoulu.fi\/index.php\/wp-json\/wp\/v2\/pages\/140\/revisions"}],"predecessor-version":[{"id":612,"href":"https:\/\/www.laihianautokoulu.fi\/index.php\/wp-json\/wp\/v2\/pages\/140\/revisions\/612"}],"wp:attachment":[{"href":"https:\/\/www.laihianautokoulu.fi\/index.php\/wp-json\/wp\/v2\/media?parent=140"}],"curies":[{"name":"wp","href":"https:\/\/api.w.org\/{rel}","templated":true}]}}