{"id":103,"date":"2024-10-23T10:44:43","date_gmt":"2024-10-23T10:44:43","guid":{"rendered":"https:\/\/www.laihianautokoulu.fi\/?page_id=103"},"modified":"2025-02-26T08:10:07","modified_gmt":"2025-02-26T08:10:07","slug":"mopo","status":"publish","type":"page","link":"https:\/\/www.laihianautokoulu.fi\/index.php\/mopo\/","title":{"rendered":"Mopo"},"content":{"rendered":"\n<div class=\"wp-block-group alignfull has-base-2-background-color has-background has-global-padding is-layout-constrained wp-container-core-group-is-layout-669513ed wp-block-group-is-layout-constrained\" style=\"margin-top:0;margin-bottom:0;padding-top:var(--wp--preset--spacing--50);padding-right:var(--wp--preset--spacing--50);padding-bottom:var(--wp--preset--spacing--50);padding-left:var(--wp--preset--spacing--50)\">\n<div class=\"wp-block-columns alignwide is-layout-flex wp-container-core-columns-is-layout-28f84493 wp-block-columns-is-layout-flex\">\n<div class=\"wp-block-column is-layout-flow wp-block-column-is-layout-flow\" style=\"flex-basis:40%\">\n<p class=\"has-medium-font-size wp-container-content-0733e5d0\"><strong>Ik\u00e4vaatimus<\/strong><\/p>\n<\/div>\n\n\n\n<div class=\"wp-block-column is-layout-flow wp-block-column-is-layout-flow\" style=\"flex-basis:60%\">\n<p class=\"has-heading-font-family has-medium-font-size\" style=\"line-height:1.2\">15 vuotta<\/p>\n<\/div>\n<\/div>\n\n\n\n<div style=\"height:0px\" aria-hidden=\"true\" class=\"wp-block-spacer\"><\/div>\n<\/div>\n\n\n\n<div class=\"wp-block-group alignfull has-accent-2-background-color has-background has-global-padding is-layout-constrained wp-container-core-group-is-layout-669513ed wp-block-group-is-layout-constrained\" style=\"margin-top:0;margin-bottom:0;padding-top:var(--wp--preset--spacing--50);padding-right:var(--wp--preset--spacing--50);padding-bottom:var(--wp--preset--spacing--50);padding-left:var(--wp--preset--spacing--50)\">\n<div class=\"wp-block-columns alignwide is-layout-flex wp-container-core-columns-is-layout-28f84493 wp-block-columns-is-layout-flex\">\n<div class=\"wp-block-column is-layout-flow wp-block-column-is-layout-flow\" style=\"flex-basis:40%\">\n<p class=\"wp-container-content-0733e5d0\"><strong>PERUS-PAKETTI<\/strong><\/p>\n<\/div>\n\n\n\n<div class=\"wp-block-column is-layout-flow wp-block-column-is-layout-flow\" style=\"flex-basis:60%\">\n<p class=\"has-heading-font-family has-medium-font-size\" style=\"line-height:1.2\">Ensimm\u00e4ist\u00e4 ajokorttia suorittavan teoriaopetus 4h<\/p>\n\n\n\n<p class=\"has-heading-font-family has-medium-font-size\" style=\"line-height:1.2\">Tunnukset teoriakoeharjoitteluun<\/p>\n\n\n\n<p class=\"has-heading-font-family has-medium-font-size\" style=\"line-height:1.2\">Lakis\u00e4\u00e4teinen oppilaskirjanpito<\/p>\n\n\n\n<p class=\"has-heading-font-family has-medium-font-size\" style=\"line-height:1.2\">Ajo-opetus 1h k\u00e4sittelyopetusta autokoulun kuvassa olevalla mopolla<\/p>\n\n\n\n<p class=\"has-heading-font-family has-medium-font-size\" style=\"line-height:1.2\">Hyv\u00e4ksytyt ajovarusteet ajotunneille ja tutkintoon<\/p>\n\n\n\n<p class=\"has-heading-font-family has-medium-font-size\" style=\"line-height:1.2\">Oppilaan, mopon ja varusteiden kuljetus k\u00e4sittelykokeeseen Vaasaan<\/p>\n\n\n\n<p class=\"has-heading-font-family has-medium-font-size\" style=\"line-height:1.2\">Ajoneuvon k\u00e4ytt\u00f6 1.k\u00e4sittelykokeessa<\/p>\n<\/div>\n<\/div>\n\n\n\n<div style=\"height:var(--wp--preset--spacing--40)\" aria-hidden=\"true\" class=\"wp-block-spacer\"><\/div>\n\n\n\n<figure class=\"wp-block-image alignwide size-large is-style-rounded is-style-rounded--1\"><img loading=\"lazy\" decoding=\"async\" width=\"1024\" height=\"767\" src=\"https:\/\/www.laihianautokoulu.fi\/wp-content\/uploads\/2024\/10\/2015-nsc50r-1-white-01-1024x767.jpg\" alt=\"\" class=\"wp-image-49\" srcset=\"https:\/\/www.laihianautokoulu.fi\/wp-content\/uploads\/2024\/10\/2015-nsc50r-1-white-01-1024x767.jpg 1024w, https:\/\/www.laihianautokoulu.fi\/wp-content\/uploads\/2024\/10\/2015-nsc50r-1-white-01-300x225.jpg 300w, https:\/\/www.laihianautokoulu.fi\/wp-content\/uploads\/2024\/10\/2015-nsc50r-1-white-01-768x576.jpg 768w, https:\/\/www.laihianautokoulu.fi\/wp-content\/uploads\/2024\/10\/2015-nsc50r-1-white-01-1536x1151.jpg 1536w, https:\/\/www.laihianautokoulu.fi\/wp-content\/uploads\/2024\/10\/2015-nsc50r-1-white-01.jpg 1600w\" sizes=\"auto, (max-width: 1024px) 100vw, 1024px\" \/><\/figure>\n<\/div>\n\n\n\n<div class=\"wp-block-group alignfull has-base-background-color has-background has-global-padding is-layout-constrained wp-container-core-group-is-layout-d89aad35 wp-block-group-is-layout-constrained\" style=\"margin-top:0;margin-bottom:0;padding-top:var(--wp--preset--spacing--50);padding-right:var(--wp--preset--spacing--50);padding-bottom:var(--wp--preset--spacing--50);padding-left:var(--wp--preset--spacing--50)\">\n<div class=\"wp-block-columns alignwide is-layout-flex wp-container-core-columns-is-layout-549b0c86 wp-block-columns-is-layout-flex\">\n<div class=\"wp-block-column has-global-padding is-content-justification-left is-layout-constrained wp-container-core-column-is-layout-4f15e8fe wp-block-column-is-layout-constrained\" style=\"flex-basis:40%\">\n<p><strong>LAATU-PAKETTI<\/strong><\/p>\n<\/div>\n\n\n\n<div class=\"wp-block-column is-layout-flow wp-container-core-column-is-layout-119bc444 wp-block-column-is-layout-flow\" style=\"flex-basis:60%\">\n<p class=\"has-heading-font-family has-medium-font-size\" style=\"line-height:1.2\">Ensimm\u00e4ist\u00e4 ajokorttia suorittavan teoriaopetus 4h<\/p>\n\n\n\n<p class=\"has-heading-font-family has-medium-font-size\" style=\"line-height:1.2\">Tunnukset teoriakoeharjoitteluun<\/p>\n\n\n\n<p class=\"has-heading-font-family has-medium-font-size\" style=\"line-height:1.2\">Oppimisymp\u00e4rist\u00f6<\/p>\n\n\n\n<p class=\"has-heading-font-family has-medium-font-size\" style=\"line-height:1.2\">Oppikirja<\/p>\n\n\n\n<p class=\"has-heading-font-family has-medium-font-size\" style=\"line-height:1.2\">Lakis\u00e4\u00e4teinen oppilaskirjanpito<\/p>\n\n\n\n<p class=\"has-heading-font-family has-medium-font-size\" style=\"line-height:1.2\">Ajo-opetus 3h autokoulun kuvassa olevalla mopolla<\/p>\n\n\n\n<p class=\"has-heading-font-family has-medium-font-size\" style=\"line-height:1.2\">Hyv\u00e4ksytyt ajovarusteet ajotunneille ja tutkintoon<\/p>\n\n\n\n<p class=\"has-heading-font-family has-medium-font-size\" style=\"line-height:1.2\">Oppilaan, mopon ja varusteiden kuljetus k\u00e4sittelykokeeseen Vaasaan<\/p>\n\n\n\n<p class=\"has-heading-font-family has-medium-font-size\" style=\"line-height:1.2\">Ajoneuvon k\u00e4ytt\u00f6 1.k\u00e4sittelykokeessa<\/p>\n\n\n\n<p class=\"has-heading-font-family has-medium-font-size\" style=\"line-height:1.2\">LAATU-opetuspaketilla saat enemm\u00e4n varmuutta ja turvallisuutta ajamiseen sek\u00e4 suoriutuminen kuljettajantutkinnosta on helpompaa<\/p>\n<\/div>\n<\/div>\n<\/div>\n\n\n\n<div class=\"wp-block-cover alignfull has-parallax\" style=\"padding-top:var(--wp--preset--spacing--50);padding-right:var(--wp--preset--spacing--50);padding-bottom:var(--wp--preset--spacing--50);padding-left:var(--wp--preset--spacing--50);min-height:258px;aspect-ratio:unset;\"><span aria-hidden=\"true\" class=\"wp-block-cover__background has-base-background-color has-background-dim-0 has-background-dim\"><\/span><div class=\"wp-block-cover__image-background wp-image-66 has-parallax\" style=\"background-position:50% 72%;background-image:url(https:\/\/www.laihianautokoulu.fi\/wp-content\/uploads\/2024\/10\/Nayttokuva_2023-8-17_kello_11.47.49-removebg-preview.png)\"><\/div><div class=\"wp-block-cover__inner-container has-global-padding is-layout-constrained wp-container-core-cover-is-layout-e4fd886c wp-block-cover-is-layout-constrained\">\n<div style=\"height:48px\" aria-hidden=\"true\" class=\"wp-block-spacer\"><\/div>\n<\/div><\/div>\n\n\n\n<div class=\"wp-block-group alignfull has-base-2-background-color has-background has-global-padding is-layout-constrained wp-container-core-group-is-layout-7cd14b77 wp-block-group-is-layout-constrained\" style=\"margin-top:0;margin-bottom:0;padding-top:var(--wp--preset--spacing--60);padding-right:var(--wp--preset--spacing--60);padding-bottom:var(--wp--preset--spacing--60);padding-left:var(--wp--preset--spacing--60)\">\n<div class=\"wp-block-group alignwide is-layout-flow wp-block-group-is-layout-flow\">\n<div style=\"height:var(--wp--preset--spacing--50)\" aria-hidden=\"true\" class=\"wp-block-spacer\"><\/div>\n\n\n\n<p class=\"has-text-align-center has-heading-font-family has-x-large-font-size\" style=\"font-style:normal;font-weight:400;line-height:1.2\">&#8221;Mopoilu antaa mahdollisuuden kulkea vapaasti paikasta toiseen ilman aikatauluja ja voi pys\u00e4hty\u00e4 vaikka spontaanisti nauttimaan maisemista&#8221;<\/p>\n\n\n\n<div style=\"height:var(--wp--preset--spacing--50)\" aria-hidden=\"true\" class=\"wp-block-spacer\"><\/div>\n<\/div>\n<\/div>\n","protected":false},"excerpt":{"rendered":"<p>Ik\u00e4vaatimus 15 vuotta PERUS-PAKETTI Ensimm\u00e4ist\u00e4 ajokorttia suorittavan teoriaopetus 4h Tunnukset teoriakoeharjoitteluun Lakis\u00e4\u00e4teinen oppilaskirjanpito Ajo-opetus 1h k\u00e4sittelyopetusta autokoulun kuvassa olevalla mopolla Hyv\u00e4ksytyt ajovarusteet ajotunneille ja tutkintoon Oppilaan, mopon ja varusteiden kuljetus k\u00e4sittelykokeeseen Vaasaan Ajoneuvon k\u00e4ytt\u00f6 1.k\u00e4sittelykokeessa LAATU-PAKETTI Ensimm\u00e4ist\u00e4 ajokorttia suorittavan teoriaopetus 4h Tunnukset teoriakoeharjoitteluun Oppimisymp\u00e4rist\u00f6 Oppikirja Lakis\u00e4\u00e4teinen oppilaskirjanpito Ajo-opetus 3h autokoulun kuvassa olevalla mopolla Hyv\u00e4ksytyt ajovarusteet [&hellip;]<\/p>\n","protected":false},"author":1,"featured_media":0,"parent":0,"menu_order":0,"comment_status":"closed","ping_status":"closed","template":"","meta":{"footnotes":""},"class_list":["post-103","page","type-page","status-publish","hentry"],"jetpack_sharing_enabled":true,"_links":{"self":[{"href":"https:\/\/www.laihianautokoulu.fi\/index.php\/wp-json\/wp\/v2\/pages\/103","targetHints":{"allow":["GET"]}}],"collection":[{"href":"https:\/\/www.laihianautokoulu.fi\/index.php\/wp-json\/wp\/v2\/pages"}],"about":[{"href":"https:\/\/www.laihianautokoulu.fi\/index.php\/wp-json\/wp\/v2\/types\/page"}],"author":[{"embeddable":true,"href":"https:\/\/www.laihianautokoulu.fi\/index.php\/wp-json\/wp\/v2\/users\/1"}],"replies":[{"embeddable":true,"href":"https:\/\/www.laihianautokoulu.fi\/index.php\/wp-json\/wp\/v2\/comments?post=103"}],"version-history":[{"count":6,"href":"https:\/\/www.laihianautokoulu.fi\/index.php\/wp-json\/wp\/v2\/pages\/103\/revisions"}],"predecessor-version":[{"id":585,"href":"https:\/\/www.laihianautokoulu.fi\/index.php\/wp-json\/wp\/v2\/pages\/103\/revisions\/585"}],"wp:attachment":[{"href":"https:\/\/www.laihianautokoulu.fi\/index.php\/wp-json\/wp\/v2\/media?parent=103"}],"curies":[{"name":"wp","href":"https:\/\/api.w.org\/{rel}","templated":true}]}}